{"id":108,"date":"2022-02-04T13:45:40","date_gmt":"2022-02-04T13:45:40","guid":{"rendered":"https:\/\/caiolo.cambiamarketing.it\/?page_id=108"},"modified":"2023-02-28T07:58:59","modified_gmt":"2023-02-28T07:58:59","slug":"la-tenuta","status":"publish","type":"page","link":"https:\/\/tenutadicaiolo.it\/de\/la-tenuta\/","title":{"rendered":"Das Anwesen"},"content":{"rendered":"<div data-elementor-type=\"wp-page\" data-elementor-id=\"108\" class=\"elementor elementor-108\" data-elementor-post-type=\"page\">\n\t\t\t\t\t\t<section class=\"elementor-section elementor-top-section elementor-element elementor-element-1b897a1 elementor-section-full_width elementor-section-height-min-height elementor-section-height-default elementor-section-items-middle\" data-id=\"1b897a1\" data-element_type=\"section\" data-e-type=\"section\" data-settings=\"{&quot;background_background&quot;:&quot;classic&quot;}\">\n\t\t\t\t\t\t<div class=\"elementor-container elementor-column-gap-default\">\n\t\t\t\t\t<div class=\"elementor-column elementor-col-100 elementor-top-column elementor-element elementor-element-3972595\" data-id=\"3972595\" data-element_type=\"column\" data-e-type=\"column\">\n\t\t\t<div class=\"elementor-widget-wrap\">\n\t\t\t\t\t\t\t<\/div>\n\t\t<\/div>\n\t\t\t\t\t<\/div>\n\t\t<\/section>\n\t\t\t\t<section class=\"elementor-section elementor-top-section elementor-element elementor-element-911c076 elementor-section-full_width elementor-section-height-default elementor-section-height-default\" data-id=\"911c076\" data-element_type=\"section\" data-e-type=\"section\" data-settings=\"{&quot;background_background&quot;:&quot;classic&quot;}\">\n\t\t\t\t\t\t<div class=\"elementor-container elementor-column-gap-default\">\n\t\t\t\t\t<div class=\"elementor-column elementor-col-50 elementor-top-column elementor-element elementor-element-0dfaa73\" data-id=\"0dfaa73\" data-element_type=\"column\" data-e-type=\"column\">\n\t\t\t<div class=\"elementor-widget-wrap elementor-element-populated\">\n\t\t\t\t\t\t<div class=\"elementor-element elementor-element-41d9b5b elementor-widget elementor-widget-heading\" data-id=\"41d9b5b\" data-element_type=\"widget\" data-e-type=\"widget\" data-widget_type=\"heading.default\">\n\t\t\t\t<div class=\"elementor-widget-container\">\n\t\t\t\t\t<h2 class=\"elementor-heading-title elementor-size-default\">Willkommen in unserem kleinen Paradies.<\/h2>\t\t\t\t<\/div>\n\t\t\t\t<\/div>\n\t\t\t\t<div class=\"elementor-element elementor-element-b7f6f7f elementor-widget elementor-widget-heading\" data-id=\"b7f6f7f\" data-element_type=\"widget\" data-e-type=\"widget\" data-widget_type=\"heading.default\">\n\t\t\t\t<div class=\"elementor-widget-container\">\n\t\t\t\t\t<h2 class=\"elementor-heading-title elementor-size-default\">Sieben Bauernh\u00e4user auf dem Lande<\/h2>\t\t\t\t<\/div>\n\t\t\t\t<\/div>\n\t\t\t\t<div class=\"elementor-element elementor-element-b42b628 elementor-widget elementor-widget-text-editor\" data-id=\"b42b628\" data-element_type=\"widget\" data-e-type=\"widget\" data-widget_type=\"text-editor.default\">\n\t\t\t\t<div class=\"elementor-widget-container\">\n\t\t\t\t\t\t\t\t\t<div class=\"wpb_text_column wpb_content_element  vc_column_text\"><div class=\"wpb_wrapper\"><p>In der Tenuta di Caiolo k\u00f6nnen Sie einen Urlaub zwischen Natur, Kultur und Entspannung zum niedrigsten online verf\u00fcgbaren Preis genie\u00dfen.<\/p><\/div><\/div><div class=\"vc_row wpb_row vc_inner vc_row-fluid vc_row_inner\"><div class=\"wpb_column vc_column_container vc_col-sm-4 vc_column_inner\"><div class=\"vc_column-inner\"><div class=\"wpb_wrapper\">\u00a0<\/div><\/div><\/div><\/div>\t\t\t\t\t\t\t\t<\/div>\n\t\t\t\t<\/div>\n\t\t\t\t\t<\/div>\n\t\t<\/div>\n\t\t\t\t<div class=\"elementor-column elementor-col-50 elementor-top-column elementor-element elementor-element-3604997 elementor-hidden-mobile\" data-id=\"3604997\" data-element_type=\"column\" data-e-type=\"column\">\n\t\t\t<div class=\"elementor-widget-wrap elementor-element-populated\">\n\t\t\t\t\t\t<div class=\"elementor-element elementor-element-2f07524 elementor-widget elementor-widget-image\" data-id=\"2f07524\" data-element_type=\"widget\" data-e-type=\"widget\" data-widget_type=\"image.default\">\n\t\t\t\t<div class=\"elementor-widget-container\">\n\t\t\t\t\t\t\t\t\t\t\t\t\t\t\t<img fetchpriority=\"high\" decoding=\"async\" width=\"1113\" height=\"645\" src=\"https:\/\/tenutadicaiolo.it\/wp-content\/uploads\/2022\/02\/CIN2541.jpg\" class=\"attachment-full size-full wp-image-110\" alt=\"\" srcset=\"https:\/\/tenutadicaiolo.it\/wp-content\/uploads\/2022\/02\/CIN2541.jpg 1113w, https:\/\/tenutadicaiolo.it\/wp-content\/uploads\/2022\/02\/CIN2541-600x348.jpg 600w, https:\/\/tenutadicaiolo.it\/wp-content\/uploads\/2022\/02\/CIN2541-300x174.jpg 300w, https:\/\/tenutadicaiolo.it\/wp-content\/uploads\/2022\/02\/CIN2541-1024x593.jpg 1024w, https:\/\/tenutadicaiolo.it\/wp-content\/uploads\/2022\/02\/CIN2541-768x445.jpg 768w\" sizes=\"(max-width: 1113px) 100vw, 1113px\" \/>\t\t\t\t\t\t\t\t\t\t\t\t\t\t\t<\/div>\n\t\t\t\t<\/div>\n\t\t\t\t\t<\/div>\n\t\t<\/div>\n\t\t\t\t\t<\/div>\n\t\t<\/section>\n\t\t\t\t<section class=\"elementor-section elementor-top-section elementor-element elementor-element-2e834a1 elementor-section-full_width elementor-section-height-default elementor-section-height-default\" data-id=\"2e834a1\" data-element_type=\"section\" data-e-type=\"section\" data-settings=\"{&quot;background_background&quot;:&quot;classic&quot;}\">\n\t\t\t\t\t\t<div class=\"elementor-container elementor-column-gap-default\">\n\t\t\t\t\t<div class=\"elementor-column elementor-col-100 elementor-top-column elementor-element elementor-element-c6a8767\" data-id=\"c6a8767\" data-element_type=\"column\" data-e-type=\"column\">\n\t\t\t<div class=\"elementor-widget-wrap elementor-element-populated\">\n\t\t\t\t\t\t<div class=\"elementor-element elementor-element-5648757 elementor--star-style-star_fontawesome elementor-widget elementor-widget-reviews\" data-id=\"5648757\" data-element_type=\"widget\" data-e-type=\"widget\" data-settings=\"{&quot;slides_per_view&quot;:&quot;3&quot;,&quot;slides_to_scroll&quot;:&quot;1&quot;,&quot;space_between&quot;:{&quot;unit&quot;:&quot;px&quot;,&quot;size&quot;:30,&quot;sizes&quot;:[]},&quot;speed&quot;:500,&quot;autoplay&quot;:&quot;yes&quot;,&quot;autoplay_speed&quot;:5000,&quot;pause_on_hover&quot;:&quot;yes&quot;,&quot;pause_on_interaction&quot;:&quot;yes&quot;,&quot;space_between_tablet&quot;:{&quot;unit&quot;:&quot;px&quot;,&quot;size&quot;:10,&quot;sizes&quot;:[]},&quot;space_between_mobile&quot;:{&quot;unit&quot;:&quot;px&quot;,&quot;size&quot;:10,&quot;sizes&quot;:[]}}\" data-widget_type=\"reviews.default\">\n\t\t\t\t<div class=\"elementor-widget-container\">\n\t\t\t\t\t\t\t\t\t<div class=\"elementor-swiper\">\n\t\t\t\t\t<div class=\"elementor-main-swiper swiper\" role=\"region\" aria-roledescription=\"carousel\" aria-label=\"Slides\">\n\t\t\t\t<div class=\"swiper-wrapper\">\n\t\t\t\t\t\t\t\t\t\t\t<div class=\"swiper-slide\" role=\"group\" aria-roledescription=\"slide\">\n\t\t\t\t\t\t\t\t\t<div class=\"elementor-testimonial elementor-repeater-item-6311913\">\n\t\t\t\t\t\t\t<div class=\"elementor-testimonial__header\">\n\t\t\t\t\t\t\t\t\t\t\t<div class=\"elementor-testimonial__image\">\n\t\t\t\t\t\t\t<img decoding=\"async\" src=\"https:\/\/tenutadicaiolo.it\/wp-content\/uploads\/2022\/02\/CIN2575-1.jpg\" alt=\"\">\n\t\t\t\t\t\t\t\t\t\t\t\t\t<\/div>\n\t\t\t\t\t\t\t\t\t\t\t\t\t\t\t<div class=\"elementor-testimonial__icon elementor-icon elementor-icon-\" aria-label=\"Leggi Tutto\"><\/div>\t\t\t\t<\/div>\n\t\t\t\t\t\t\t\t\t\t<div class=\"elementor-testimonial__content\">\n\t\t\t\t\t<div class=\"elementor-testimonial__text\">\n\t\t\t\t\t\t<div class=\"column-left\">Das Restaurant<\/div>\n<div> <br>Das Restaurant der Tenuta di Caiolo steht sowohl den Ferieng\u00e4sten, als auch externen G\u00e4sten zur Verf\u00fcgung. Wir bieten traditionelle umbrische K\u00fcche mit lokalen Produkten. (km 0)\n<\/div>\t\t\t\t\t<\/div>\n\t\t\t\t<\/div>\n\t\t\t\t\t<\/div>\n\t\t\t\t\t\t\t\t<\/div>\n\t\t\t\t\t\t\t\t\t\t\t<div class=\"swiper-slide\" role=\"group\" aria-roledescription=\"slide\">\n\t\t\t\t\t\t\t\t\t<div class=\"elementor-testimonial elementor-repeater-item-84b2b43\">\n\t\t\t\t\t\t\t<div class=\"elementor-testimonial__header\">\n\t\t\t\t\t\t\t\t\t\t\t<div class=\"elementor-testimonial__image\">\n\t\t\t\t\t\t\t<img decoding=\"async\" src=\"https:\/\/tenutadicaiolo.it\/wp-content\/uploads\/2022\/02\/cin2444.jpg\" alt=\"\">\n\t\t\t\t\t\t\t\t\t\t\t\t\t<\/div>\n\t\t\t\t\t\t\t\t\t\t\t\t\t\t\t<div class=\"elementor-testimonial__icon elementor-icon elementor-icon-\" aria-label=\"Leggi Tutto\"><\/div>\t\t\t\t<\/div>\n\t\t\t\t\t\t\t\t\t\t<div class=\"elementor-testimonial__content\">\n\t\t\t\t\t<div class=\"elementor-testimonial__text\">\n\t\t\t\t\t\t<div class=\"column-left\">Der Pool<\/div>\n<div> <br>Die Tenuta di Caiolo verf\u00fcgt \u00fcber ein gro\u00dfes Schwimmbecken mit Whirlpool (L\u00e4nge: 14 Meter\/ Tiefe:1,50 Meter). Die ideale L\u00f6sung f\u00fcr einen Moment der Entspannung. <b>Schwimmbad ab Mitte Mai ge\u00f6ffnet.<\/b><\/div>\t\t\t\t\t<\/div>\n\t\t\t\t<\/div>\n\t\t\t\t\t<\/div>\n\t\t\t\t\t\t\t\t<\/div>\n\t\t\t\t\t\t\t\t\t\t\t<div class=\"swiper-slide\" role=\"group\" aria-roledescription=\"slide\">\n\t\t\t\t\t\t\t\t\t<div class=\"elementor-testimonial elementor-repeater-item-4628b4e\">\n\t\t\t\t\t\t\t<div class=\"elementor-testimonial__header\">\n\t\t\t\t\t\t\t\t\t\t\t<div class=\"elementor-testimonial__image\">\n\t\t\t\t\t\t\t<img decoding=\"async\" src=\"https:\/\/tenutadicaiolo.it\/wp-content\/uploads\/2022\/02\/Matrimonio.jpg\" alt=\"\">\n\t\t\t\t\t\t\t\t\t\t\t\t\t<\/div>\n\t\t\t\t\t\t\t\t\t\t\t\t\t\t\t<div class=\"elementor-testimonial__icon elementor-icon elementor-icon-\" aria-label=\"Leggi Tutto\"><\/div>\t\t\t\t<\/div>\n\t\t\t\t\t\t\t\t\t\t<div class=\"elementor-testimonial__content\">\n\t\t\t\t\t<div class=\"elementor-testimonial__text\">\n\t\t\t\t\t\t<div class=\"column-left\">Veranstaltungen und Aktivit\u00e4ten<\/div>\n<div> <br>Der perfekte Ort, um Hochzeiten, Zeremonien und Feste jeglicher Art in einem nat\u00fcrlichen und entspannten Ambiente zu feiern. Entdecken Sie all unsere Angebote f\u00fcr Ihr Event.\n<\/div>\t\t\t\t\t<\/div>\n\t\t\t\t<\/div>\n\t\t\t\t\t<\/div>\n\t\t\t\t\t\t\t\t<\/div>\n\t\t\t\t\t\t\t\t\t<\/div>\n\t\t\t\t\t\t\t\t\t\t\t\t\t\t\t\t\t\t\t\t\t<\/div>\n\t\t\t\t<\/div>\n\t\t\t\t\t\t\t\t<\/div>\n\t\t\t\t<\/div>\n\t\t\t\t\t<\/div>\n\t\t<\/div>\n\t\t\t\t\t<\/div>\n\t\t<\/section>\n\t\t\t\t<section class=\"elementor-section elementor-top-section elementor-element elementor-element-7bd1cfe elementor-section-full_width elementor-section-height-default elementor-section-height-default\" data-id=\"7bd1cfe\" data-element_type=\"section\" data-e-type=\"section\">\n\t\t\t\t\t\t<div class=\"elementor-container elementor-column-gap-default\">\n\t\t\t\t\t<div class=\"elementor-column elementor-col-100 elementor-top-column elementor-element elementor-element-c2ff6d1\" data-id=\"c2ff6d1\" data-element_type=\"column\" data-e-type=\"column\">\n\t\t\t<div class=\"elementor-widget-wrap elementor-element-populated\">\n\t\t\t\t\t\t<div class=\"elementor-element elementor-element-a941682 elementor-widget elementor-widget-heading\" data-id=\"a941682\" data-element_type=\"widget\" data-e-type=\"widget\" data-widget_type=\"heading.default\">\n\t\t\t\t<div class=\"elementor-widget-container\">\n\t\t\t\t\t<h2 class=\"elementor-heading-title elementor-size-default\">Drei Generationen <br>in der Tenuta di Caiolo<\/h2>\t\t\t\t<\/div>\n\t\t\t\t<\/div>\n\t\t\t\t<div class=\"elementor-element elementor-element-16b2d4f elementor-widget elementor-widget-heading\" data-id=\"16b2d4f\" data-element_type=\"widget\" data-e-type=\"widget\" data-widget_type=\"heading.default\">\n\t\t\t\t<div class=\"elementor-widget-container\">\n\t\t\t\t\t<h2 class=\"elementor-heading-title elementor-size-default\">Ein Familienunternehmen<\/h2>\t\t\t\t<\/div>\n\t\t\t\t<\/div>\n\t\t\t\t<div class=\"elementor-element elementor-element-926f025 elementor-widget elementor-widget-text-editor\" data-id=\"926f025\" data-element_type=\"widget\" data-e-type=\"widget\" data-widget_type=\"text-editor.default\">\n\t\t\t\t<div class=\"elementor-widget-container\">\n\t\t\t\t\t\t\t\t\t<div class=\"wpb_text_column wpb_content_element vc_column_text\"><div class=\"wpb_wrapper\"><div><p lang=\"IT-IT\" class=\"translation-block\">Das landwirtschaftliche Unternehmen der Tenuta di Caiolo besteht aus 150 Hektar und ist in 2 Teile aufgeteilt: N\u00f6rdlich des malerischen Dorfes Panicale werden Getreide und Wein angebaut; s\u00fcdlich des Dorfes, auf dem H\u00fcgel des Caiolo, befinden sich die Olivenhaine, die Feriendomizile und der Pool.<\/p><\/div><div><p lang=\"IT-IT\" class=\"translation-block\">Caiolo, ein Toponym Llangobardischen Ursprungs,, bezeichnet den Ort, an dem die Pferde f\u00fcr das Heer gez\u00fcchtet wurden. OrsiniLuigi Orsini hat das Landgut in den 50er Jahren seinem Neffen Fausto Sepiacci vermacht. Sp\u00e4ter hat die Familie SepiacciSp\u00e4ter hat die Familie\u2019 angrenzenden Grundst\u00fccks der CONTI SOTTOCASA. SottocasaDer Gutshof grenzt an das winzige Migliaiolo wo sich auch das antike Herrenhaus und eine kleine Kirche von San Donnino aus dem 17ten Jahrhundert befinden. 17ten\u2019 . Die Kirche ist im Besitz der Familie, wurde liebevoll restauriert und ist heute sehr gefragt f\u00fcr einzigartige Hochzeiten.<\/p><\/div><div><p lang=\"IT-IT\" class=\"translation-block\">Faustound seine Ehefrau begannen in den 80er Jahren das Anwesen in einen Agriturismo zu verwandeln, der erste dieser Gegend.. Massimo, der Sohn von Fausto und Giuseppina ,, i hat zusammen mit seiner Frau Giselda und seinen Kindern Daniele und Elena 17ten die begonnene Arbeit weitergef\u00fchrt mit gro\u00dfem Enthusiasmus betreiben sie den Agriturismo..<\/p><\/div><\/div><\/div><div class=\"vc_row wpb_row vc_inner vc_row-fluid vc_row_inner\"><div class=\"wpb_column vc_column_container vc_col-sm-4 vc_column_inner\"><div class=\"vc_column-inner\"><div class=\"wpb_wrapper\">\u00a0<\/div><\/div><\/div><\/div>\t\t\t\t\t\t\t\t<\/div>\n\t\t\t\t<\/div>\n\t\t\t\t\t<\/div>\n\t\t<\/div>\n\t\t\t\t\t<\/div>\n\t\t<\/section>\n\t\t\t\t<section class=\"elementor-section elementor-top-section elementor-element elementor-element-71ccabc elementor-section-full_width elementor-section-height-default elementor-section-height-default\" data-id=\"71ccabc\" data-element_type=\"section\" data-e-type=\"section\">\n\t\t\t\t\t\t<div class=\"elementor-container elementor-column-gap-default\">\n\t\t\t\t\t<div class=\"elementor-column elementor-col-100 elementor-top-column elementor-element elementor-element-1f386c1\" data-id=\"1f386c1\" data-element_type=\"column\" data-e-type=\"column\">\n\t\t\t<div class=\"elementor-widget-wrap elementor-element-populated\">\n\t\t\t\t\t\t<div class=\"elementor-element elementor-element-9d4851e staff elementor--star-style-star_fontawesome elementor-widget elementor-widget-reviews\" data-id=\"9d4851e\" data-element_type=\"widget\" data-e-type=\"widget\" data-settings=\"{&quot;slides_per_view&quot;:&quot;5&quot;,&quot;slides_to_scroll&quot;:&quot;1&quot;,&quot;space_between&quot;:{&quot;unit&quot;:&quot;px&quot;,&quot;size&quot;:30,&quot;sizes&quot;:[]},&quot;speed&quot;:500,&quot;autoplay&quot;:&quot;yes&quot;,&quot;autoplay_speed&quot;:5000,&quot;pause_on_hover&quot;:&quot;yes&quot;,&quot;pause_on_interaction&quot;:&quot;yes&quot;,&quot;space_between_tablet&quot;:{&quot;unit&quot;:&quot;px&quot;,&quot;size&quot;:10,&quot;sizes&quot;:[]},&quot;space_between_mobile&quot;:{&quot;unit&quot;:&quot;px&quot;,&quot;size&quot;:10,&quot;sizes&quot;:[]}}\" data-widget_type=\"reviews.default\">\n\t\t\t\t<div class=\"elementor-widget-container\">\n\t\t\t\t\t\t\t\t\t<div class=\"elementor-swiper\">\n\t\t\t\t\t<div class=\"elementor-main-swiper swiper\" role=\"region\" aria-roledescription=\"carousel\" aria-label=\"Slides\">\n\t\t\t\t<div class=\"swiper-wrapper\">\n\t\t\t\t\t\t\t\t\t\t\t<div class=\"swiper-slide\" role=\"group\" aria-roledescription=\"slide\">\n\t\t\t\t\t\t\t\t\t<div class=\"elementor-testimonial elementor-repeater-item-6311913\">\n\t\t\t\t\t\t\t<div class=\"elementor-testimonial__header\">\n\t\t\t\t\t\t\t\t\t\t\t<div class=\"elementor-testimonial__image\">\n\t\t\t\t\t\t\t<img decoding=\"async\" src=\"https:\/\/tenutadicaiolo.it\/wp-content\/uploads\/2022\/02\/Daniele.jpg\" alt=\"\">\n\t\t\t\t\t\t\t\t\t\t\t\t\t<\/div>\n\t\t\t\t\t\t\t\t\t\t\t\t\t\t\t<div class=\"elementor-testimonial__icon elementor-icon elementor-icon-\" aria-label=\"Leggi Tutto\"><\/div>\t\t\t\t<\/div>\n\t\t\t\t\t\t\t\t\t\t<div class=\"elementor-testimonial__content\">\n\t\t\t\t\t<div class=\"elementor-testimonial__text\">\n\t\t\t\t\t\t<div class=\"column-left\">Daniele<\/div>\n<div> <br>K\u00fcmmert sich um die landwirtschaftliche Produktion und die Vermarktung. Au\u00dferdem ist er f\u00fcr die Logistik des Agriturismo, des Restaurants und der Veranstaltungen zust\u00e4ndig. Er ist st\u00e4ndig anwesend und steht den G\u00e4sten f\u00fcr eventuelle Fragen und Notwendigkeiten zur Verf\u00fcgung. Daniele spricht italienisch, englisch und portugiesisch.<br>\n<br>\nE. danielesepiacci@gmail.com<br>\nT. +39 3296863330\n<\/div>\t\t\t\t\t<\/div>\n\t\t\t\t<\/div>\n\t\t\t\t\t<\/div>\n\t\t\t\t\t\t\t\t<\/div>\n\t\t\t\t\t\t\t\t\t\t\t<div class=\"swiper-slide\" role=\"group\" aria-roledescription=\"slide\">\n\t\t\t\t\t\t\t\t\t<div class=\"elementor-testimonial elementor-repeater-item-807adb3\">\n\t\t\t\t\t\t\t<div class=\"elementor-testimonial__header\">\n\t\t\t\t\t\t\t\t\t\t\t<div class=\"elementor-testimonial__image\">\n\t\t\t\t\t\t\t<img decoding=\"async\" src=\"https:\/\/tenutadicaiolo.it\/wp-content\/uploads\/2022\/02\/Foto-Elena-525x350-1.jpg\" alt=\"\">\n\t\t\t\t\t\t\t\t\t\t\t\t\t<\/div>\n\t\t\t\t\t\t\t\t\t\t\t\t\t\t\t<div class=\"elementor-testimonial__icon elementor-icon elementor-icon-\" aria-label=\"Leggi Tutto\"><\/div>\t\t\t\t<\/div>\n\t\t\t\t\t\t\t\t\t\t<div class=\"elementor-testimonial__content\">\n\t\t\t\t\t<div class=\"elementor-testimonial__text\">\n\t\t\t\t\t\t<div class=\"column-left\">Elena<\/div>\n<div> <br>Ist Ihre erste Ansprechpartnerin, mit ihr k\u00f6nnen Sie alle Details f\u00fcr Ihren Aufenthalt schon vor Ihrer Ankunft verabreden. Sie begleitet den Restaurantbereich und organisiert die Reinigung der Ferienobjekte. Auch sie ist als permanente Ansprechpartnerin verf\u00fcgbar w\u00e4hrend Ihres Aufenthalts. Elena spricht italienisch, englisch und spanisch.<br>\n<br>\nE. elenasepiacci@gmail.com<br>\nT. +39 3333629106\n<\/div>\t\t\t\t\t<\/div>\n\t\t\t\t<\/div>\n\t\t\t\t\t<\/div>\n\t\t\t\t\t\t\t\t<\/div>\n\t\t\t\t\t\t\t\t\t\t\t<div class=\"swiper-slide\" role=\"group\" aria-roledescription=\"slide\">\n\t\t\t\t\t\t\t\t\t<div class=\"elementor-testimonial elementor-repeater-item-b4f77ec\">\n\t\t\t\t\t\t\t<div class=\"elementor-testimonial__header\">\n\t\t\t\t\t\t\t\t\t\t\t<div class=\"elementor-testimonial__image\">\n\t\t\t\t\t\t\t<img decoding=\"async\" src=\"https:\/\/tenutadicaiolo.it\/wp-content\/uploads\/2022\/02\/Massimo-300x250-1.jpg\" alt=\"\">\n\t\t\t\t\t\t\t\t\t\t\t\t\t<\/div>\n\t\t\t\t\t\t\t\t\t\t\t\t\t\t\t<div class=\"elementor-testimonial__icon elementor-icon elementor-icon-\" aria-label=\"Leggi Tutto\"><\/div>\t\t\t\t<\/div>\n\t\t\t\t\t\t\t\t\t\t<div class=\"elementor-testimonial__content\">\n\t\t\t\t\t<div class=\"elementor-testimonial__text\">\n\t\t\t\t\t\t<div class=\"column-left\">Massimo<\/div>\n<div> <br>Sohn von Fausto und Giuseppina, den Gr\u00fcndern der Tenuta, und Vater von Daniele. Er k\u00fcmmert sich um die F\u00fchrung des Betriebes. Massimo spricht italienisch und englisch.<br>\n<br>\nE. massimosepiacci@gmail.com<br>\nT. +39 075837455\n<\/div>\t\t\t\t\t<\/div>\n\t\t\t\t<\/div>\n\t\t\t\t\t<\/div>\n\t\t\t\t\t\t\t\t<\/div>\n\t\t\t\t\t\t\t\t\t\t\t<div class=\"swiper-slide\" role=\"group\" aria-roledescription=\"slide\">\n\t\t\t\t\t\t\t\t\t<div class=\"elementor-testimonial elementor-repeater-item-3483ae0\">\n\t\t\t\t\t\t\t<div class=\"elementor-testimonial__header\">\n\t\t\t\t\t\t\t\t\t\t\t<div class=\"elementor-testimonial__image\">\n\t\t\t\t\t\t\t<img decoding=\"async\" src=\"https:\/\/tenutadicaiolo.it\/wp-content\/uploads\/2022\/02\/Giselda-300x250-1.jpg\" alt=\"\">\n\t\t\t\t\t\t\t\t\t\t\t\t\t<\/div>\n\t\t\t\t\t\t\t\t\t\t\t\t\t\t\t<div class=\"elementor-testimonial__icon elementor-icon elementor-icon-\" aria-label=\"Leggi Tutto\"><\/div>\t\t\t\t<\/div>\n\t\t\t\t\t\t\t\t\t\t<div class=\"elementor-testimonial__content\">\n\t\t\t\t\t<div class=\"elementor-testimonial__text\">\n\t\t\t\t\t\t<div class=\"column-left\">Giselda<\/div>\n<div> <br>Mutter von Daniele und Elena, stets mit Rat und Tat zur Seite. Giselda spricht italienisch und franz\u00f6sisch. <br>Sie spricht Italienisch und Franz\u00f6sisch.<br>\n<br>\n<\/div>\t\t\t\t\t<\/div>\n\t\t\t\t<\/div>\n\t\t\t\t\t<\/div>\n\t\t\t\t\t\t\t\t<\/div>\n\t\t\t\t\t\t\t\t\t\t\t<div class=\"swiper-slide\" role=\"group\" aria-roledescription=\"slide\">\n\t\t\t\t\t\t\t\t\t<div class=\"elementor-testimonial elementor-repeater-item-fbaffcf\">\n\t\t\t\t\t\t\t<div class=\"elementor-testimonial__header\">\n\t\t\t\t\t\t\t\t\t\t\t<div class=\"elementor-testimonial__image\">\n\t\t\t\t\t\t\t<img decoding=\"async\" src=\"https:\/\/tenutadicaiolo.it\/wp-content\/uploads\/2023\/02\/Jimmy.jpg\" alt=\"\">\n\t\t\t\t\t\t\t\t\t\t\t\t\t<\/div>\n\t\t\t\t\t\t\t\t\t\t\t\t\t\t\t<div class=\"elementor-testimonial__icon elementor-icon elementor-icon-\" aria-label=\"Leggi Tutto\"><\/div>\t\t\t\t<\/div>\n\t\t\t\t\t\t\t\t\t\t<div class=\"elementor-testimonial__content\">\n\t\t\t\t\t<div class=\"elementor-testimonial__text\">\n\t\t\t\t\t\t<div class=\"column-left\">Federico<\/div>\n<div> <br>K\u00fcchenchef Federico Vannucchi wurde 1973 in Florenz als Sohn von 4 Generationen von Gastronomen geboren.<br>\nInhaber eines Restaurants in der Provinz Venedig, 99 Inhaber eines Restaurants in Brasilien, 2001 in Argentinien, 2007 in Barcelona und 2015 in Bangkok Spezialisiert auf Fleisch und mehr. Nach seinem Abschluss in Agrartechnik absolvierte er eine Ausbildung bei verschiedenen Meistern unter der Leitung von K\u00fcchenchef Scaggianti und gewann 2010 das erste und 2011 das zweite Zertifikat.<br>Zur\u00fcck in Italien setzt er seine Erfahrung fort und spezialisiert sich auf die Verwaltung von Ferien auf dem Bauernhof\n<br>\n<br>\n<\/div>\t\t\t\t\t<\/div>\n\t\t\t\t<\/div>\n\t\t\t\t\t<\/div>\n\t\t\t\t\t\t\t\t<\/div>\n\t\t\t\t\t\t\t\t\t<\/div>\n\t\t\t\t\t\t\t\t\t\t\t\t\t\t\t\t\t\t\t\t\t<\/div>\n\t\t\t\t<\/div>\n\t\t\t\t\t\t\t\t<\/div>\n\t\t\t\t<\/div>\n\t\t\t\t\t<\/div>\n\t\t<\/div>\n\t\t\t\t\t<\/div>\n\t\t<\/section>\n\t\t\t\t<\/div>","protected":false},"excerpt":{"rendered":"<p>Benvenuti nel nostro piccolo Paradiso Sette Casali immersi nel verde Nella Tenuta di Caiolo potrete assaporare una vacanza fra natura, cultura e relax, al prezzo pi\u00f9 basso disponibile online. \u00a0 Leggi Tutto Il Ristorante Il ristorante della Tenuta \u00e8 a disposizione sia degli ospiti che di esterni. Cuciniamo piatti della traduzione Umbra, con prodotti tipici [&hellip;]<\/p>\n","protected":false},"author":1,"featured_media":0,"parent":0,"menu_order":0,"comment_status":"closed","ping_status":"closed","template":"","meta":{"footnotes":""},"class_list":["post-108","page","type-page","status-publish","hentry"],"_links":{"self":[{"href":"https:\/\/tenutadicaiolo.it\/de\/wp-json\/wp\/v2\/pages\/108","targetHints":{"allow":["GET"]}}],"collection":[{"href":"https:\/\/tenutadicaiolo.it\/de\/wp-json\/wp\/v2\/pages"}],"about":[{"href":"https:\/\/tenutadicaiolo.it\/de\/wp-json\/wp\/v2\/types\/page"}],"author":[{"embeddable":true,"href":"https:\/\/tenutadicaiolo.it\/de\/wp-json\/wp\/v2\/users\/1"}],"replies":[{"embeddable":true,"href":"https:\/\/tenutadicaiolo.it\/de\/wp-json\/wp\/v2\/comments?post=108"}],"version-history":[{"count":40,"href":"https:\/\/tenutadicaiolo.it\/de\/wp-json\/wp\/v2\/pages\/108\/revisions"}],"predecessor-version":[{"id":3019,"href":"https:\/\/tenutadicaiolo.it\/de\/wp-json\/wp\/v2\/pages\/108\/revisions\/3019"}],"wp:attachment":[{"href":"https:\/\/tenutadicaiolo.it\/de\/wp-json\/wp\/v2\/media?parent=108"}],"curies":[{"name":"wp","href":"https:\/\/api.w.org\/{rel}","templated":true}]}}