{"id":219,"date":"2022-02-04T16:06:51","date_gmt":"2022-02-04T16:06:51","guid":{"rendered":"https:\/\/caiolo.cambiamarketing.it\/?page_id=219"},"modified":"2025-10-10T16:57:41","modified_gmt":"2025-10-10T16:57:41","slug":"ristorante","status":"publish","type":"page","link":"https:\/\/tenutadicaiolo.it\/de\/ristorante\/","title":{"rendered":"Restaurant"},"content":{"rendered":"<div data-elementor-type=\"wp-page\" data-elementor-id=\"219\" class=\"elementor elementor-219\" data-elementor-post-type=\"page\">\n\t\t\t\t\t\t<section class=\"elementor-section elementor-top-section elementor-element elementor-element-a7ac9ac elementor-section-full_width elementor-section-height-min-height elementor-section-height-default elementor-section-items-middle\" data-id=\"a7ac9ac\" data-element_type=\"section\" data-e-type=\"section\" data-settings=\"{&quot;background_background&quot;:&quot;classic&quot;}\">\n\t\t\t\t\t\t<div class=\"elementor-container elementor-column-gap-default\">\n\t\t\t\t\t<div class=\"elementor-column elementor-col-100 elementor-top-column elementor-element elementor-element-16aa9fd\" data-id=\"16aa9fd\" data-element_type=\"column\" data-e-type=\"column\">\n\t\t\t<div class=\"elementor-widget-wrap\">\n\t\t\t\t\t\t\t<\/div>\n\t\t<\/div>\n\t\t\t\t\t<\/div>\n\t\t<\/section>\n\t\t\t\t<section class=\"elementor-section elementor-top-section elementor-element elementor-element-26c1444 elementor-section-full_width elementor-reverse-tablet elementor-section-height-default elementor-section-height-default\" data-id=\"26c1444\" data-element_type=\"section\" data-e-type=\"section\" data-settings=\"{&quot;background_background&quot;:&quot;classic&quot;}\">\n\t\t\t\t\t\t<div class=\"elementor-container elementor-column-gap-default\">\n\t\t\t\t\t<div class=\"elementor-column elementor-col-50 elementor-top-column elementor-element elementor-element-d709478\" data-id=\"d709478\" data-element_type=\"column\" data-e-type=\"column\">\n\t\t\t<div class=\"elementor-widget-wrap elementor-element-populated\">\n\t\t\t\t\t\t<div class=\"elementor-element elementor-element-2fff58e elementor-widget elementor-widget-heading\" data-id=\"2fff58e\" data-element_type=\"widget\" data-e-type=\"widget\" data-widget_type=\"heading.default\">\n\t\t\t\t<div class=\"elementor-widget-container\">\n\t\t\t\t\t<h2 class=\"elementor-heading-title elementor-size-default\">Das Restaurant <br>della Tenuta<\/h2>\t\t\t\t<\/div>\n\t\t\t\t<\/div>\n\t\t\t\t<div class=\"elementor-element elementor-element-82a1b2f elementor-widget elementor-widget-heading\" data-id=\"82a1b2f\" data-element_type=\"widget\" data-e-type=\"widget\" data-widget_type=\"heading.default\">\n\t\t\t\t<div class=\"elementor-widget-container\">\n\t\t\t\t\t<h2 class=\"elementor-heading-title elementor-size-default\">K\u00fcche mit Qualit\u00e4t und Tradition<\/h2>\t\t\t\t<\/div>\n\t\t\t\t<\/div>\n\t\t\t\t<div class=\"elementor-element elementor-element-6dd89d8 elementor-widget elementor-widget-text-editor\" data-id=\"6dd89d8\" data-element_type=\"widget\" data-e-type=\"widget\" data-widget_type=\"text-editor.default\">\n\t\t\t\t<div class=\"elementor-widget-container\">\n\t\t\t\t\t\t\t\t\t<p>Ein Ort fernab der Hektik des modernen Lebens, an dem Sie sich mit allen Sinnen von der Natur verzaubern lassen k\u00f6nnen. Traditionelle umbrische K\u00fcche mit Rohstoffen aus eigenem Anbau, aus unseren W\u00e4ldern und von einer kurzen Lieferkette lokaler Z\u00fcchter und Landwirte.<br \/>Mehl, \u00d6l, Gem\u00fcse, Wein, Marmeladen und Eier aus eigener Erzeugung werden zusammen mit Pilzen, Tr\u00fcffeln und Spargel von unserem K\u00fcchenchef sorgf\u00e4ltig ausgew\u00e4hlt. Mit Leidenschaft bereiten wir jedes Gericht zu, um die Aromen und Emotionen der Festm\u00e4hler unserer Gro\u00dfeltern wieder aufleben zu lassen.\u00a0<\/p><p><strong>Restaurant von Freitag<\/strong> von <strong>Freitag<\/strong>\u00a0bis <strong>Sonntag ge\u00f6ffnet<\/strong><\/p>\t\t\t\t\t\t\t\t<\/div>\n\t\t\t\t<\/div>\n\t\t\t\t<div class=\"elementor-element elementor-element-c8b9341 elementor-align-left elementor-mobile-align-left elementor-widget__width-auto elementor-widget elementor-widget-button\" data-id=\"c8b9341\" data-element_type=\"widget\" data-e-type=\"widget\" data-widget_type=\"button.default\">\n\t\t\t\t<div class=\"elementor-widget-container\">\n\t\t\t\t\t\t\t\t\t<div class=\"elementor-button-wrapper\">\n\t\t\t\t\t<a class=\"elementor-button elementor-button-link elementor-size-sm\" href=\"#contatti\">\n\t\t\t\t\t\t<span class=\"elementor-button-content-wrapper\">\n\t\t\t\t\t\t\t\t\t<span class=\"elementor-button-text\">Bestellen Sie einen Tisch vor<\/span>\n\t\t\t\t\t<\/span>\n\t\t\t\t\t<\/a>\n\t\t\t\t<\/div>\n\t\t\t\t\t\t\t\t<\/div>\n\t\t\t\t<\/div>\n\t\t\t\t<div class=\"elementor-element elementor-element-3dbbc4c elementor-align-left elementor-mobile-align-left elementor-widget__width-auto elementor-widget elementor-widget-button\" data-id=\"3dbbc4c\" data-element_type=\"widget\" data-e-type=\"widget\" data-widget_type=\"button.default\">\n\t\t\t\t<div class=\"elementor-widget-container\">\n\t\t\t\t\t\t\t\t\t<div class=\"elementor-button-wrapper\">\n\t\t\t\t\t<a class=\"elementor-button elementor-button-link elementor-size-sm\" href=\"https:\/\/tenutadicaiolo.it\/wp-content\/uploads\/2025\/10\/Menu-Autunno.pdf\" target=\"_blank\">\n\t\t\t\t\t\t<span class=\"elementor-button-content-wrapper\">\n\t\t\t\t\t\t\t\t\t<span class=\"elementor-button-text\">Entdecken Sie das Men\u00fc<\/span>\n\t\t\t\t\t<\/span>\n\t\t\t\t\t<\/a>\n\t\t\t\t<\/div>\n\t\t\t\t\t\t\t\t<\/div>\n\t\t\t\t<\/div>\n\t\t\t\t<div class=\"elementor-element elementor-element-24c76ef elementor-widget elementor-widget-image\" data-id=\"24c76ef\" data-element_type=\"widget\" data-e-type=\"widget\" data-widget_type=\"image.default\">\n\t\t\t\t<div class=\"elementor-widget-container\">\n\t\t\t\t\t\t\t\t\t\t\t\t\t\t\t<img fetchpriority=\"high\" decoding=\"async\" width=\"2096\" height=\"1397\" src=\"https:\/\/tenutadicaiolo.it\/wp-content\/uploads\/2025\/04\/3.jpg\" class=\"attachment-full size-full wp-image-5006\" alt=\"\" srcset=\"https:\/\/tenutadicaiolo.it\/wp-content\/uploads\/2025\/04\/3.jpg 2096w, https:\/\/tenutadicaiolo.it\/wp-content\/uploads\/2025\/04\/3-300x200.jpg 300w, https:\/\/tenutadicaiolo.it\/wp-content\/uploads\/2025\/04\/3-1024x683.jpg 1024w, https:\/\/tenutadicaiolo.it\/wp-content\/uploads\/2025\/04\/3-768x512.jpg 768w, https:\/\/tenutadicaiolo.it\/wp-content\/uploads\/2025\/04\/3-1536x1024.jpg 1536w, https:\/\/tenutadicaiolo.it\/wp-content\/uploads\/2025\/04\/3-2048x1365.jpg 2048w, https:\/\/tenutadicaiolo.it\/wp-content\/uploads\/2025\/04\/3-18x12.jpg 18w, https:\/\/tenutadicaiolo.it\/wp-content\/uploads\/2025\/04\/3-600x400.jpg 600w\" sizes=\"(max-width: 2096px) 100vw, 2096px\" \/>\t\t\t\t\t\t\t\t\t\t\t\t\t\t\t<\/div>\n\t\t\t\t<\/div>\n\t\t\t\t\t<\/div>\n\t\t<\/div>\n\t\t\t\t<div class=\"elementor-column elementor-col-50 elementor-top-column elementor-element elementor-element-c186629\" data-id=\"c186629\" data-element_type=\"column\" data-e-type=\"column\">\n\t\t\t<div class=\"elementor-widget-wrap elementor-element-populated\">\n\t\t\t\t\t\t<div class=\"elementor-element elementor-element-b5b7804 elementor--h-position-center elementor--v-position-middle elementor-widget elementor-widget-slides\" data-id=\"b5b7804\" data-element_type=\"widget\" data-e-type=\"widget\" data-settings=\"{&quot;navigation&quot;:&quot;none&quot;,&quot;autoplay_speed&quot;:2000,&quot;autoplay&quot;:&quot;yes&quot;,&quot;pause_on_hover&quot;:&quot;yes&quot;,&quot;pause_on_interaction&quot;:&quot;yes&quot;,&quot;infinite&quot;:&quot;yes&quot;,&quot;transition&quot;:&quot;slide&quot;,&quot;transition_speed&quot;:500}\" data-widget_type=\"slides.default\">\n\t\t\t\t<div class=\"elementor-widget-container\">\n\t\t\t\t\t\t\t\t\t<div class=\"elementor-swiper\">\n\t\t\t\t\t<div class=\"elementor-slides-wrapper elementor-main-swiper swiper\" role=\"region\" aria-roledescription=\"carousel\" aria-label=\"Slides\" dir=\"ltr\" data-animation=\"fadeInUp\">\n\t\t\t\t<div class=\"swiper-wrapper elementor-slides\">\n\t\t\t\t\t\t\t\t\t\t<div class=\"elementor-repeater-item-c00e5aa swiper-slide\" role=\"group\" aria-roledescription=\"slide\"><div class=\"swiper-slide-bg\" role=\"img\" aria-label=\"DSC00018-Migliorato-NR\"><\/div><div class=\"swiper-slide-inner\" ><div class=\"swiper-slide-contents\"><\/div><\/div><\/div><div class=\"elementor-repeater-item-a959d1e swiper-slide\" role=\"group\" aria-roledescription=\"slide\"><div class=\"swiper-slide-bg\" role=\"img\" aria-label=\"DSC00045-Migliorato-NR\"><\/div><div class=\"swiper-slide-inner\" ><div class=\"swiper-slide-contents\"><\/div><\/div><\/div><div class=\"elementor-repeater-item-bd9b01c swiper-slide\" role=\"group\" aria-roledescription=\"slide\"><div class=\"swiper-slide-bg\" role=\"img\" aria-label=\"DSC00047-Migliorato-NR\"><\/div><div class=\"swiper-slide-inner\" ><div class=\"swiper-slide-contents\"><\/div><\/div><\/div><div class=\"elementor-repeater-item-79d5900 swiper-slide\" role=\"group\" aria-roledescription=\"slide\"><div class=\"swiper-slide-bg\" role=\"img\" aria-label=\"DSC00052-Migliorato-NR\"><\/div><div class=\"swiper-slide-inner\" ><div class=\"swiper-slide-contents\"><\/div><\/div><\/div><div class=\"elementor-repeater-item-e3ead60 swiper-slide\" role=\"group\" aria-roledescription=\"slide\"><div class=\"swiper-slide-bg\" role=\"img\" aria-label=\"DSC00028-Migliorato-NR\"><\/div><div class=\"swiper-slide-inner\" ><div class=\"swiper-slide-contents\"><\/div><\/div><\/div><div class=\"elementor-repeater-item-0f636e8 swiper-slide\" role=\"group\" aria-roledescription=\"slide\"><div class=\"swiper-slide-bg\" role=\"img\" aria-label=\"DSC00008-Migliorato-NR\"><\/div><div class=\"swiper-slide-inner\" ><div class=\"swiper-slide-contents\"><\/div><\/div><\/div><div class=\"elementor-repeater-item-20038b4 swiper-slide\" role=\"group\" aria-roledescription=\"slide\"><div class=\"swiper-slide-bg\" role=\"img\" aria-label=\"DSC00060-Migliorato-NR\"><\/div><div class=\"swiper-slide-inner\" ><div class=\"swiper-slide-contents\"><\/div><\/div><\/div>\t\t\t\t<\/div>\n\t\t\t\t\t\t\t\t\t\t\t\t\t\t\t\t\t\t\t\t\t<\/div>\n\t\t\t\t<\/div>\n\t\t\t\t\t\t\t\t<\/div>\n\t\t\t\t<\/div>\n\t\t\t\t<div class=\"elementor-element elementor-element-9c695d5 elementor-hidden-mobile elementor-widget elementor-widget-image\" data-id=\"9c695d5\" data-element_type=\"widget\" data-e-type=\"widget\" data-widget_type=\"image.default\">\n\t\t\t\t<div class=\"elementor-widget-container\">\n\t\t\t\t\t\t\t\t\t\t\t\t\t\t\t<img decoding=\"async\" width=\"2096\" height=\"1399\" src=\"https:\/\/tenutadicaiolo.it\/wp-content\/uploads\/2025\/04\/11.jpg\" class=\"attachment-full size-full wp-image-5019\" alt=\"\" srcset=\"https:\/\/tenutadicaiolo.it\/wp-content\/uploads\/2025\/04\/11.jpg 2096w, https:\/\/tenutadicaiolo.it\/wp-content\/uploads\/2025\/04\/11-300x200.jpg 300w, https:\/\/tenutadicaiolo.it\/wp-content\/uploads\/2025\/04\/11-1024x683.jpg 1024w, https:\/\/tenutadicaiolo.it\/wp-content\/uploads\/2025\/04\/11-768x513.jpg 768w, https:\/\/tenutadicaiolo.it\/wp-content\/uploads\/2025\/04\/11-1536x1025.jpg 1536w, https:\/\/tenutadicaiolo.it\/wp-content\/uploads\/2025\/04\/11-2048x1367.jpg 2048w, https:\/\/tenutadicaiolo.it\/wp-content\/uploads\/2025\/04\/11-18x12.jpg 18w, https:\/\/tenutadicaiolo.it\/wp-content\/uploads\/2025\/04\/11-600x400.jpg 600w\" sizes=\"(max-width: 2096px) 100vw, 2096px\" \/>\t\t\t\t\t\t\t\t\t\t\t\t\t\t\t<\/div>\n\t\t\t\t<\/div>\n\t\t\t\t\t<\/div>\n\t\t<\/div>\n\t\t\t\t\t<\/div>\n\t\t<\/section>\n\t\t\t\t<\/div>","protected":false},"excerpt":{"rendered":"<p>Il Ristorante della Tenuta Una cucina di Qualit\u00e0 e Tradizione Un luogo distante dai ritmi moderni, dove lasciarsi affascinare dalla natura con tutti i sensi. La cucina della tradizione Umbra con materie prime provenienti dalle nostre coltivazioni, dai nostri boschi e da una corta filiera di allevatori e coltivatori a noi vicini.Farina, Olio, Ortaggi, Vino, [&hellip;]<\/p>\n","protected":false},"author":1,"featured_media":0,"parent":0,"menu_order":0,"comment_status":"closed","ping_status":"closed","template":"","meta":{"footnotes":""},"class_list":["post-219","page","type-page","status-publish","hentry"],"_links":{"self":[{"href":"https:\/\/tenutadicaiolo.it\/de\/wp-json\/wp\/v2\/pages\/219","targetHints":{"allow":["GET"]}}],"collection":[{"href":"https:\/\/tenutadicaiolo.it\/de\/wp-json\/wp\/v2\/pages"}],"about":[{"href":"https:\/\/tenutadicaiolo.it\/de\/wp-json\/wp\/v2\/types\/page"}],"author":[{"embeddable":true,"href":"https:\/\/tenutadicaiolo.it\/de\/wp-json\/wp\/v2\/users\/1"}],"replies":[{"embeddable":true,"href":"https:\/\/tenutadicaiolo.it\/de\/wp-json\/wp\/v2\/comments?post=219"}],"version-history":[{"count":101,"href":"https:\/\/tenutadicaiolo.it\/de\/wp-json\/wp\/v2\/pages\/219\/revisions"}],"predecessor-version":[{"id":6014,"href":"https:\/\/tenutadicaiolo.it\/de\/wp-json\/wp\/v2\/pages\/219\/revisions\/6014"}],"wp:attachment":[{"href":"https:\/\/tenutadicaiolo.it\/de\/wp-json\/wp\/v2\/media?parent=219"}],"curies":[{"name":"wp","href":"https:\/\/api.w.org\/{rel}","templated":true}]}}