{"id":3015,"date":"2024-03-19T10:43:31","date_gmt":"2024-03-19T10:43:31","guid":{"rendered":"https:\/\/tenutadicaiolo.it\/?page_id=3015"},"modified":"2026-03-12T07:49:16","modified_gmt":"2026-03-12T07:49:16","slug":"home-2","status":"publish","type":"page","link":"https:\/\/tenutadicaiolo.it\/de\/","title":{"rendered":"Home"},"content":{"rendered":"<div data-elementor-type=\"wp-page\" data-elementor-id=\"3015\" class=\"elementor elementor-3015\" data-elementor-post-type=\"page\">\n\t\t\t\t\t\t<section class=\"elementor-section elementor-top-section elementor-element elementor-element-252a281 elementor-section-full_width elementor-section-height-min-height elementor-section-height-default elementor-section-items-middle\" data-id=\"252a281\" data-element_type=\"section\" data-e-type=\"section\" data-settings=\"{&quot;background_background&quot;:&quot;video&quot;,&quot;background_play_on_mobile&quot;:&quot;yes&quot;,&quot;background_video_link&quot;:&quot;\\\/wp-content\\\/uploads\\\/2026\\\/03\\\/Video-Tenuta-di-Caiolo.mp4&quot;}\">\n\t\t\t\t\t\t\t\t<div class=\"elementor-background-video-container\">\n\t\t\t\t\t\t\t\t\t\t\t\t\t<video class=\"elementor-background-video-hosted\" role=\"presentation\" autoplay muted playsinline loop><\/video>\n\t\t\t\t\t\t\t\t\t\t\t<\/div>\n\t\t\t\t\t\t\t\t\t<div class=\"elementor-background-overlay\"><\/div>\n\t\t\t\t\t\t\t<div class=\"elementor-container elementor-column-gap-default\">\n\t\t\t\t\t<div class=\"elementor-column elementor-col-100 elementor-top-column elementor-element elementor-element-92c5c7a\" data-id=\"92c5c7a\" data-element_type=\"column\" data-e-type=\"column\">\n\t\t\t<div class=\"elementor-widget-wrap\">\n\t\t\t\t\t\t\t<\/div>\n\t\t<\/div>\n\t\t\t\t\t<\/div>\n\t\t<\/section>\n\t\t\t\t<section class=\"elementor-section elementor-top-section elementor-element elementor-element-53fc665 elementor-section-full_width elementor-section-height-default elementor-section-height-default\" data-id=\"53fc665\" data-element_type=\"section\" data-e-type=\"section\" data-settings=\"{&quot;background_background&quot;:&quot;classic&quot;}\">\n\t\t\t\t\t\t<div class=\"elementor-container elementor-column-gap-default\">\n\t\t\t\t\t<div class=\"elementor-column elementor-col-50 elementor-top-column elementor-element elementor-element-3f0dc85\" data-id=\"3f0dc85\" data-element_type=\"column\" data-e-type=\"column\">\n\t\t\t<div class=\"elementor-widget-wrap elementor-element-populated\">\n\t\t\t\t\t\t<div class=\"elementor-element elementor-element-ea2f708 elementor-widget elementor-widget-heading\" data-id=\"ea2f708\" data-element_type=\"widget\" data-e-type=\"widget\" data-widget_type=\"heading.default\">\n\t\t\t\t<div class=\"elementor-widget-container\">\n\t\t\t\t\t<h2 class=\"elementor-heading-title elementor-size-default\">Willkommen in unserem kleinen Paradies.<\/h2>\t\t\t\t<\/div>\n\t\t\t\t<\/div>\n\t\t\t\t<div class=\"elementor-element elementor-element-e9cd988 elementor-widget elementor-widget-heading\" data-id=\"e9cd988\" data-element_type=\"widget\" data-e-type=\"widget\" data-widget_type=\"heading.default\">\n\t\t\t\t<div class=\"elementor-widget-container\">\n\t\t\t\t\t<h2 class=\"elementor-heading-title elementor-size-default\">Acht Landh\u00e4user mitten im Gr\u00fcnen<\/h2>\t\t\t\t<\/div>\n\t\t\t\t<\/div>\n\t\t\t\t<div class=\"elementor-element elementor-element-8648250 elementor-widget elementor-widget-text-editor\" data-id=\"8648250\" data-element_type=\"widget\" data-e-type=\"widget\" data-widget_type=\"text-editor.default\">\n\t\t\t\t<div class=\"elementor-widget-container\">\n\t\t\t\t\t\t\t\t\t<div class=\"wpb_text_column wpb_content_element vc_column_text\">\n<div class=\"wpb_wrapper\">\n<p>In der Tenuta di Caiolo k\u00f6nnen Sie einen Urlaub zwischen Natur, Kultur und Entspannung zum niedrigsten online verf\u00fcgbaren Preis genie\u00dfen.<\/p><\/div><\/div>\t\t\t\t\t\t\t\t<\/div>\n\t\t\t\t<\/div>\n\t\t\t\t<div class=\"elementor-element elementor-element-be23998 elementor-widget elementor-widget-button\" data-id=\"be23998\" data-element_type=\"widget\" data-e-type=\"widget\" data-widget_type=\"button.default\">\n\t\t\t\t<div class=\"elementor-widget-container\">\n\t\t\t\t\t\t\t\t\t<div class=\"elementor-button-wrapper\">\n\t\t\t\t\t<a class=\"elementor-button elementor-button-link elementor-size-sm\" href=\"\/de\/agriturismo\/\">\n\t\t\t\t\t\t<span class=\"elementor-button-content-wrapper\">\n\t\t\t\t\t\t\t\t\t<span class=\"elementor-button-text\">Entdecken Sie sie alle<\/span>\n\t\t\t\t\t<\/span>\n\t\t\t\t\t<\/a>\n\t\t\t\t<\/div>\n\t\t\t\t\t\t\t\t<\/div>\n\t\t\t\t<\/div>\n\t\t\t\t\t<\/div>\n\t\t<\/div>\n\t\t\t\t<div class=\"elementor-column elementor-col-50 elementor-top-column elementor-element elementor-element-148f70f elementor-hidden-mobile\" data-id=\"148f70f\" data-element_type=\"column\" data-e-type=\"column\">\n\t\t\t<div class=\"elementor-widget-wrap elementor-element-populated\">\n\t\t\t\t\t\t<div class=\"elementor-element elementor-element-8143222 elementor-widget elementor-widget-image\" data-id=\"8143222\" data-element_type=\"widget\" data-e-type=\"widget\" data-widget_type=\"image.default\">\n\t\t\t\t<div class=\"elementor-widget-container\">\n\t\t\t\t\t\t\t\t\t\t\t\t\t\t\t<img fetchpriority=\"high\" decoding=\"async\" width=\"2096\" height=\"1399\" src=\"https:\/\/tenutadicaiolo.it\/wp-content\/uploads\/2025\/04\/PALAZZO_2.jpg\" class=\"attachment-full size-full wp-image-4817\" alt=\"\" srcset=\"https:\/\/tenutadicaiolo.it\/wp-content\/uploads\/2025\/04\/PALAZZO_2.jpg 2096w, https:\/\/tenutadicaiolo.it\/wp-content\/uploads\/2025\/04\/PALAZZO_2-300x200.jpg 300w, https:\/\/tenutadicaiolo.it\/wp-content\/uploads\/2025\/04\/PALAZZO_2-1024x683.jpg 1024w, https:\/\/tenutadicaiolo.it\/wp-content\/uploads\/2025\/04\/PALAZZO_2-768x513.jpg 768w, https:\/\/tenutadicaiolo.it\/wp-content\/uploads\/2025\/04\/PALAZZO_2-1536x1025.jpg 1536w, https:\/\/tenutadicaiolo.it\/wp-content\/uploads\/2025\/04\/PALAZZO_2-2048x1367.jpg 2048w, https:\/\/tenutadicaiolo.it\/wp-content\/uploads\/2025\/04\/PALAZZO_2-18x12.jpg 18w, https:\/\/tenutadicaiolo.it\/wp-content\/uploads\/2025\/04\/PALAZZO_2-600x400.jpg 600w\" sizes=\"(max-width: 2096px) 100vw, 2096px\" \/>\t\t\t\t\t\t\t\t\t\t\t\t\t\t\t<\/div>\n\t\t\t\t<\/div>\n\t\t\t\t\t<\/div>\n\t\t<\/div>\n\t\t\t\t\t<\/div>\n\t\t<\/section>\n\t\t\t\t<section class=\"elementor-section elementor-top-section elementor-element elementor-element-4ee6b1c elementor-section-full_width elementor-section-height-default elementor-section-height-default\" data-id=\"4ee6b1c\" data-element_type=\"section\" data-e-type=\"section\" data-settings=\"{&quot;background_background&quot;:&quot;classic&quot;}\">\n\t\t\t\t\t\t<div class=\"elementor-container elementor-column-gap-default\">\n\t\t\t\t\t<div class=\"elementor-column elementor-col-100 elementor-top-column elementor-element elementor-element-343d06b\" data-id=\"343d06b\" data-element_type=\"column\" data-e-type=\"column\">\n\t\t\t<div class=\"elementor-widget-wrap elementor-element-populated\">\n\t\t\t\t\t\t<div class=\"elementor-element elementor-element-2fee275 elementor-widget elementor-widget-spacer\" data-id=\"2fee275\" data-element_type=\"widget\" data-e-type=\"widget\" data-widget_type=\"spacer.default\">\n\t\t\t\t<div class=\"elementor-widget-container\">\n\t\t\t\t\t\t\t<div class=\"elementor-spacer\">\n\t\t\t<div class=\"elementor-spacer-inner\"><\/div>\n\t\t<\/div>\n\t\t\t\t\t\t<\/div>\n\t\t\t\t<\/div>\n\t\t\t\t\t<\/div>\n\t\t<\/div>\n\t\t\t\t\t<\/div>\n\t\t<\/section>\n\t\t\t\t<section class=\"elementor-section elementor-top-section elementor-element elementor-element-daef4fd elementor-section-full_width elementor-section-height-default elementor-section-height-default\" data-id=\"daef4fd\" data-element_type=\"section\" data-e-type=\"section\">\n\t\t\t\t\t\t<div class=\"elementor-container elementor-column-gap-default\">\n\t\t\t\t\t<div class=\"elementor-column elementor-col-33 elementor-top-column elementor-element elementor-element-acbf363\" data-id=\"acbf363\" data-element_type=\"column\" data-e-type=\"column\">\n\t\t\t<div class=\"elementor-widget-wrap elementor-element-populated\">\n\t\t\t\t\t\t<section class=\"elementor-section elementor-inner-section elementor-element elementor-element-114fa23 elementor-section-full_width elementor-section-height-default elementor-section-height-default\" data-id=\"114fa23\" data-element_type=\"section\" data-e-type=\"section\">\n\t\t\t\t\t\t<div class=\"elementor-container elementor-column-gap-default\">\n\t\t\t\t\t<div class=\"elementor-column elementor-col-100 elementor-inner-column elementor-element elementor-element-c162951\" data-id=\"c162951\" data-element_type=\"column\" data-e-type=\"column\" data-settings=\"{&quot;background_background&quot;:&quot;classic&quot;}\">\n\t\t\t<div class=\"elementor-widget-wrap elementor-element-populated\">\n\t\t\t\t\t\t<div class=\"elementor-element elementor-element-dc5df18 elementor-widget elementor-widget-spacer\" data-id=\"dc5df18\" data-element_type=\"widget\" data-e-type=\"widget\" data-widget_type=\"spacer.default\">\n\t\t\t\t<div class=\"elementor-widget-container\">\n\t\t\t\t\t\t\t<div class=\"elementor-spacer\">\n\t\t\t<div class=\"elementor-spacer-inner\"><\/div>\n\t\t<\/div>\n\t\t\t\t\t\t<\/div>\n\t\t\t\t<\/div>\n\t\t\t\t\t<\/div>\n\t\t<\/div>\n\t\t\t\t\t<\/div>\n\t\t<\/section>\n\t\t\t\t<div class=\"elementor-element elementor-element-81b2e8d elementor-widget elementor-widget-heading\" data-id=\"81b2e8d\" data-element_type=\"widget\" data-e-type=\"widget\" data-widget_type=\"heading.default\">\n\t\t\t\t<div class=\"elementor-widget-container\">\n\t\t\t\t\t<h2 class=\"elementor-heading-title elementor-size-default\">Das Restaurant<\/h2>\t\t\t\t<\/div>\n\t\t\t\t<\/div>\n\t\t\t\t<div class=\"elementor-element elementor-element-bb2e2c6 elementor-widget elementor-widget-text-editor\" data-id=\"bb2e2c6\" data-element_type=\"widget\" data-e-type=\"widget\" data-widget_type=\"text-editor.default\">\n\t\t\t\t<div class=\"elementor-widget-container\">\n\t\t\t\t\t\t\t\t\t<div class=\"wpb_text_column wpb_content_element vc_column_text\"><div class=\"wpb_wrapper\"><p lang=\"IT-IT\">F\u00fcr unsere traditionellen umbrischen Rezepte verwenden wir Zutaten aus eigenem Anbau oder von lokalen Lieferanten. Deshalb richtet sich die Speisekarte nach den saisonalen Gegebenheiten der einzelnen Zutaten, zielt aber darauf ab, den Geschmack der Festmahle unserer Gro\u00dfeltern wiederzugeben.<\/p><\/div><\/div>\t\t\t\t\t\t\t\t<\/div>\n\t\t\t\t<\/div>\n\t\t\t\t<div class=\"elementor-element elementor-element-ef89365 elementor-align-left elementor-mobile-align-left elementor-widget elementor-widget-button\" data-id=\"ef89365\" data-element_type=\"widget\" data-e-type=\"widget\" data-widget_type=\"button.default\">\n\t\t\t\t<div class=\"elementor-widget-container\">\n\t\t\t\t\t\t\t\t\t<div class=\"elementor-button-wrapper\">\n\t\t\t\t\t<a class=\"elementor-button elementor-button-link elementor-size-sm\" href=\"\/de\/ristorante\/\">\n\t\t\t\t\t\t<span class=\"elementor-button-content-wrapper\">\n\t\t\t\t\t\t\t\t\t<span class=\"elementor-button-text\">Mehr entdecken<\/span>\n\t\t\t\t\t<\/span>\n\t\t\t\t\t<\/a>\n\t\t\t\t<\/div>\n\t\t\t\t\t\t\t\t<\/div>\n\t\t\t\t<\/div>\n\t\t\t\t\t<\/div>\n\t\t<\/div>\n\t\t\t\t<div class=\"elementor-column elementor-col-33 elementor-top-column elementor-element elementor-element-90b63b3\" data-id=\"90b63b3\" data-element_type=\"column\" data-e-type=\"column\">\n\t\t\t<div class=\"elementor-widget-wrap elementor-element-populated\">\n\t\t\t\t\t\t<section class=\"elementor-section elementor-inner-section elementor-element elementor-element-30addca elementor-section-full_width elementor-section-height-default elementor-section-height-default\" data-id=\"30addca\" data-element_type=\"section\" data-e-type=\"section\">\n\t\t\t\t\t\t<div class=\"elementor-container elementor-column-gap-default\">\n\t\t\t\t\t<div class=\"elementor-column elementor-col-100 elementor-inner-column elementor-element elementor-element-778cbba\" data-id=\"778cbba\" data-element_type=\"column\" data-e-type=\"column\" data-settings=\"{&quot;background_background&quot;:&quot;classic&quot;}\">\n\t\t\t<div class=\"elementor-widget-wrap elementor-element-populated\">\n\t\t\t\t\t\t<div class=\"elementor-element elementor-element-8af37f9 elementor-widget elementor-widget-spacer\" data-id=\"8af37f9\" data-element_type=\"widget\" data-e-type=\"widget\" data-widget_type=\"spacer.default\">\n\t\t\t\t<div class=\"elementor-widget-container\">\n\t\t\t\t\t\t\t<div class=\"elementor-spacer\">\n\t\t\t<div class=\"elementor-spacer-inner\"><\/div>\n\t\t<\/div>\n\t\t\t\t\t\t<\/div>\n\t\t\t\t<\/div>\n\t\t\t\t\t<\/div>\n\t\t<\/div>\n\t\t\t\t\t<\/div>\n\t\t<\/section>\n\t\t\t\t<div class=\"elementor-element elementor-element-fcd1880 elementor-widget elementor-widget-heading\" data-id=\"fcd1880\" data-element_type=\"widget\" data-e-type=\"widget\" data-widget_type=\"heading.default\">\n\t\t\t\t<div class=\"elementor-widget-container\">\n\t\t\t\t\t<h2 class=\"elementor-heading-title elementor-size-default\">Hochzeit &amp; Veranstaltungen<\/h2>\t\t\t\t<\/div>\n\t\t\t\t<\/div>\n\t\t\t\t<div class=\"elementor-element elementor-element-a16e99a elementor-widget elementor-widget-text-editor\" data-id=\"a16e99a\" data-element_type=\"widget\" data-e-type=\"widget\" data-widget_type=\"text-editor.default\">\n\t\t\t\t<div class=\"elementor-widget-container\">\n\t\t\t\t\t\t\t\t\t<div class=\"wpb_text_column wpb_content_element vc_column_text\"><div class=\"wpb_wrapper\"><p lang=\"IT-IT\">Tenuta di Caiolo ist seit Jahren ein Bezugspunkt in der Region f\u00fcr Bankette, aber auch f\u00fcr verheiratete Paare, italienische und andere, die ihren besonderen Tag in Umbrien inmitten authentischer Aromen und nat\u00fcrlicher Landschaften feiern m\u00f6chten.<\/p><\/div><\/div>\t\t\t\t\t\t\t\t<\/div>\n\t\t\t\t<\/div>\n\t\t\t\t<div class=\"elementor-element elementor-element-5df5900 elementor-align-left elementor-mobile-align-left elementor-widget elementor-widget-button\" data-id=\"5df5900\" data-element_type=\"widget\" data-e-type=\"widget\" data-widget_type=\"button.default\">\n\t\t\t\t<div class=\"elementor-widget-container\">\n\t\t\t\t\t\t\t\t\t<div class=\"elementor-button-wrapper\">\n\t\t\t\t\t<a class=\"elementor-button elementor-button-link elementor-size-sm\" href=\"\/de\/matrimoni\/\">\n\t\t\t\t\t\t<span class=\"elementor-button-content-wrapper\">\n\t\t\t\t\t\t\t\t\t<span class=\"elementor-button-text\">Mehr entdecken<\/span>\n\t\t\t\t\t<\/span>\n\t\t\t\t\t<\/a>\n\t\t\t\t<\/div>\n\t\t\t\t\t\t\t\t<\/div>\n\t\t\t\t<\/div>\n\t\t\t\t\t<\/div>\n\t\t<\/div>\n\t\t\t\t<div class=\"elementor-column elementor-col-33 elementor-top-column elementor-element elementor-element-68f3ec4\" data-id=\"68f3ec4\" data-element_type=\"column\" data-e-type=\"column\">\n\t\t\t<div class=\"elementor-widget-wrap elementor-element-populated\">\n\t\t\t\t\t\t<section class=\"elementor-section elementor-inner-section elementor-element elementor-element-0b6ef7a elementor-section-full_width elementor-section-height-default elementor-section-height-default\" data-id=\"0b6ef7a\" data-element_type=\"section\" data-e-type=\"section\">\n\t\t\t\t\t\t<div class=\"elementor-container elementor-column-gap-default\">\n\t\t\t\t\t<div class=\"elementor-column elementor-col-100 elementor-inner-column elementor-element elementor-element-0c6418d\" data-id=\"0c6418d\" data-element_type=\"column\" data-e-type=\"column\" data-settings=\"{&quot;background_background&quot;:&quot;classic&quot;}\">\n\t\t\t<div class=\"elementor-widget-wrap elementor-element-populated\">\n\t\t\t\t\t\t<div class=\"elementor-element elementor-element-d66f91a elementor-widget elementor-widget-spacer\" data-id=\"d66f91a\" data-element_type=\"widget\" data-e-type=\"widget\" data-widget_type=\"spacer.default\">\n\t\t\t\t<div class=\"elementor-widget-container\">\n\t\t\t\t\t\t\t<div class=\"elementor-spacer\">\n\t\t\t<div class=\"elementor-spacer-inner\"><\/div>\n\t\t<\/div>\n\t\t\t\t\t\t<\/div>\n\t\t\t\t<\/div>\n\t\t\t\t\t<\/div>\n\t\t<\/div>\n\t\t\t\t\t<\/div>\n\t\t<\/section>\n\t\t\t\t<div class=\"elementor-element elementor-element-9f814a8 elementor-widget elementor-widget-heading\" data-id=\"9f814a8\" data-element_type=\"widget\" data-e-type=\"widget\" data-widget_type=\"heading.default\">\n\t\t\t\t<div class=\"elementor-widget-container\">\n\t\t\t\t\t<h2 class=\"elementor-heading-title elementor-size-default\">Agrarunternehmen<\/h2>\t\t\t\t<\/div>\n\t\t\t\t<\/div>\n\t\t\t\t<div class=\"elementor-element elementor-element-fa6dbb6 elementor-widget elementor-widget-text-editor\" data-id=\"fa6dbb6\" data-element_type=\"widget\" data-e-type=\"widget\" data-widget_type=\"text-editor.default\">\n\t\t\t\t<div class=\"elementor-widget-container\">\n\t\t\t\t\t\t\t\t\t<div class=\"wpb_text_column wpb_content_element vc_column_text\"><div class=\"wpb_wrapper\"><p lang=\"IT-IT\">Der K\u00f6rperschaftsk\u00f6rper des Anwesens erstreckt sich \u00fcber eine Fl\u00e4che von \u00fcber 150 Hektar. Angebaut werden haupts\u00e4chlich Getreide, Weintrauben und Olivenb\u00e4ume, in geringerem Umfang Gem\u00fcse und Obstpflanzen. In kleinem Umfang werden auch Bienen und H\u00fchner gez\u00fcchtet.<\/p><\/div><\/div>\t\t\t\t\t\t\t\t<\/div>\n\t\t\t\t<\/div>\n\t\t\t\t<div class=\"elementor-element elementor-element-f970e6d elementor-align-left elementor-mobile-align-left elementor-widget elementor-widget-button\" data-id=\"f970e6d\" data-element_type=\"widget\" data-e-type=\"widget\" data-widget_type=\"button.default\">\n\t\t\t\t<div class=\"elementor-widget-container\">\n\t\t\t\t\t\t\t\t\t<div class=\"elementor-button-wrapper\">\n\t\t\t\t\t<a class=\"elementor-button elementor-button-link elementor-size-sm\" href=\"\/de\/shop-tenuta-di-caiolo\/\">\n\t\t\t\t\t\t<span class=\"elementor-button-content-wrapper\">\n\t\t\t\t\t\t\t\t\t<span class=\"elementor-button-text\">Mehr entdecken<\/span>\n\t\t\t\t\t<\/span>\n\t\t\t\t\t<\/a>\n\t\t\t\t<\/div>\n\t\t\t\t\t\t\t\t<\/div>\n\t\t\t\t<\/div>\n\t\t\t\t\t<\/div>\n\t\t<\/div>\n\t\t\t\t\t<\/div>\n\t\t<\/section>\n\t\t\t\t<section class=\"elementor-section elementor-top-section elementor-element elementor-element-c794811 elementor-section-full_width elementor-section-height-default elementor-section-height-default\" data-id=\"c794811\" data-element_type=\"section\" data-e-type=\"section\">\n\t\t\t\t\t\t<div class=\"elementor-container elementor-column-gap-default\">\n\t\t\t\t\t<div class=\"elementor-column elementor-col-100 elementor-top-column elementor-element elementor-element-672896c\" data-id=\"672896c\" data-element_type=\"column\" data-e-type=\"column\">\n\t\t\t<div class=\"elementor-widget-wrap elementor-element-populated\">\n\t\t\t\t\t\t<div class=\"elementor-element elementor-element-60c4638 elementor-widget elementor-widget-heading\" data-id=\"60c4638\" data-element_type=\"widget\" data-e-type=\"widget\" data-widget_type=\"heading.default\">\n\t\t\t\t<div class=\"elementor-widget-container\">\n\t\t\t\t\t<h2 class=\"elementor-heading-title elementor-size-default\">Drei Generationen <br>in der Tenuta di Caiolo<\/h2>\t\t\t\t<\/div>\n\t\t\t\t<\/div>\n\t\t\t\t<div class=\"elementor-element elementor-element-cefe6d9 elementor-widget elementor-widget-heading\" data-id=\"cefe6d9\" data-element_type=\"widget\" data-e-type=\"widget\" data-widget_type=\"heading.default\">\n\t\t\t\t<div class=\"elementor-widget-container\">\n\t\t\t\t\t<h2 class=\"elementor-heading-title elementor-size-default\">Ein Familienunternehmen<\/h2>\t\t\t\t<\/div>\n\t\t\t\t<\/div>\n\t\t\t\t<div class=\"elementor-element elementor-element-f766e4b elementor-widget elementor-widget-text-editor\" data-id=\"f766e4b\" data-element_type=\"widget\" data-e-type=\"widget\" data-widget_type=\"text-editor.default\">\n\t\t\t\t<div class=\"elementor-widget-container\">\n\t\t\t\t\t\t\t\t\t<p>So ging Tenuta di Caiolo an die Familie Sepiacci \u00fcber und wurde durch den Erwerb benachbarter Grundst\u00fccke erweitert.\u00a0<br \/>Ende der achtziger Jahre begannen Fausto und seine Frau Giuseppina mit der Umwandlung in das erste Bauernhaus der Gegend<br \/>Das Unternehmen grenzt an das kleine Dorf Migliaiolo, in dem sich auch das alte Herrenhaus\nbefindet, und die Kirche San Donnino aus dem 18. Jahrhundert, Eigentum der Familie, wurde\nrestauriert und restauriert und ist heute f\u00fcr die Feier von Hochzeiten sehr gefragt.\nHeute leiten Daniele und Elena Sepiacci zusammen mit ihren Eltern Massimo und Giselda den\nOrt, an dem sie aufgewachsen sind, mit gro\u00dfer Leidenschaft f\u00fcr Gastgewerbe und Landwirtschaft\nDer K\u00f6rperschaftsk\u00f6rper des Anwesens erstreckt sich \u00fcber eine Fl\u00e4che von \u00fcber 150 Hektar.\nTeils s\u00fcdlich und teils n\u00f6rdlich des H\u00fcgels von Panicale, einem mittelalterlichen Dorf s\u00fcdlich\nvon Trasimeno.\nAngebaut werden haupts\u00e4chlich Getreide, Weintrauben und Olivenb\u00e4ume, in geringerem\nUmfang Gem\u00fcse und Obstpflanzen. In kleinem Umfang werden auch Bienen und H\u00fchner\ngez\u00fcchtet. Die Trauben werden seit jeher von Duca della Corgna verarbeitet, einer gro\u00dfen und\ntraditionsreichen Weinkooperative aus dem Trasimeno, die vom verstorbenen Fausto gegr\u00fcndet\nwurde und heute von Massimo Sepiacci geleitet wird.\nEin Teil des Weizens ist f\u00fcr die Herstellung von Mehl f\u00fcr den Bauernhof bestimmt, ein\nausgew\u00e4hlter Typ 1 und gemahlener Stein.\nDas native Oliven\u00f6l extra D.O.P. stammt aus den Olivenhainen. H\u00fcgel des Trasimenischen Tenuta di Caiolo.<\/p>\t\t\t\t\t\t\t\t<\/div>\n\t\t\t\t<\/div>\n\t\t\t\t\t<\/div>\n\t\t<\/div>\n\t\t\t\t\t<\/div>\n\t\t<\/section>\n\t\t\t\t<section class=\"elementor-section elementor-top-section elementor-element elementor-element-e1c29c5 elementor-section-full_width elementor-section-height-default elementor-section-height-default\" data-id=\"e1c29c5\" data-element_type=\"section\" data-e-type=\"section\">\n\t\t\t\t\t\t<div class=\"elementor-container elementor-column-gap-default\">\n\t\t\t\t\t<div class=\"elementor-column elementor-col-100 elementor-top-column elementor-element elementor-element-765e2d5\" data-id=\"765e2d5\" data-element_type=\"column\" data-e-type=\"column\" data-settings=\"{&quot;background_background&quot;:&quot;classic&quot;}\">\n\t\t\t<div class=\"elementor-widget-wrap elementor-element-populated\">\n\t\t\t\t\t\t<div class=\"elementor-element elementor-element-8f2dbf9 elementor-widget elementor-widget-spacer\" data-id=\"8f2dbf9\" data-element_type=\"widget\" data-e-type=\"widget\" data-widget_type=\"spacer.default\">\n\t\t\t\t<div class=\"elementor-widget-container\">\n\t\t\t\t\t\t\t<div class=\"elementor-spacer\">\n\t\t\t<div class=\"elementor-spacer-inner\"><\/div>\n\t\t<\/div>\n\t\t\t\t\t\t<\/div>\n\t\t\t\t<\/div>\n\t\t\t\t\t<\/div>\n\t\t<\/div>\n\t\t\t\t\t<\/div>\n\t\t<\/section>\n\t\t\t\t<\/div>","protected":false},"excerpt":{"rendered":"<p>Benvenuti nel nostro piccolo Paradiso Otto Casali immersi nel verde Nella Tenuta di Caiolo potrete assaporare una vacanza fra natura, cultura e relax, al prezzo pi\u00f9 basso disponibile online. Scoprili tutti Il Ristorante Le nostre ricette umbre tradizionali utilizzano ingredienti provenienti dalle nostre coltivazioni o fornitori locali. Per questo il men\u00f9 segue la stagionalit\u00e0 di [&hellip;]<\/p>\n","protected":false},"author":1,"featured_media":0,"parent":0,"menu_order":0,"comment_status":"closed","ping_status":"closed","template":"elementor_header_footer","meta":{"footnotes":""},"class_list":["post-3015","page","type-page","status-publish","hentry"],"_links":{"self":[{"href":"https:\/\/tenutadicaiolo.it\/de\/wp-json\/wp\/v2\/pages\/3015","targetHints":{"allow":["GET"]}}],"collection":[{"href":"https:\/\/tenutadicaiolo.it\/de\/wp-json\/wp\/v2\/pages"}],"about":[{"href":"https:\/\/tenutadicaiolo.it\/de\/wp-json\/wp\/v2\/types\/page"}],"author":[{"embeddable":true,"href":"https:\/\/tenutadicaiolo.it\/de\/wp-json\/wp\/v2\/users\/1"}],"replies":[{"embeddable":true,"href":"https:\/\/tenutadicaiolo.it\/de\/wp-json\/wp\/v2\/comments?post=3015"}],"version-history":[{"count":325,"href":"https:\/\/tenutadicaiolo.it\/de\/wp-json\/wp\/v2\/pages\/3015\/revisions"}],"predecessor-version":[{"id":6876,"href":"https:\/\/tenutadicaiolo.it\/de\/wp-json\/wp\/v2\/pages\/3015\/revisions\/6876"}],"wp:attachment":[{"href":"https:\/\/tenutadicaiolo.it\/de\/wp-json\/wp\/v2\/media?parent=3015"}],"curies":[{"name":"wp","href":"https:\/\/api.w.org\/{rel}","templated":true}]}}