{"id":1571,"date":"2022-12-12T10:45:50","date_gmt":"2022-12-12T10:45:50","guid":{"rendered":"https:\/\/tenutadicaiolo.it\/?post_type=product&#038;p=1571"},"modified":"2024-12-09T09:36:41","modified_gmt":"2024-12-09T09:36:41","slug":"farina","status":"publish","type":"product","link":"https:\/\/tenutadicaiolo.it\/de\/produkt\/farina\/","title":{"rendered":"Mehl"},"content":{"rendered":"<p><strong>- In Packungen zu 1 kg 3,50 \u20ac.<\/strong><\/p>\n<p><span style=\"font-weight: 400;\">*** 3 kostenlose Rezepte ***<\/span><\/p>\n<p><em>Versandkosten nicht inbegriffen<\/em><\/p>","protected":false},"excerpt":{"rendered":"<p>Mehl, das aus der Steinmahlung von Vollweizen mit anschlie\u00dfender Absiebung des Weichweizens gewonnen wird, zeichnet sich durch sein Aroma, seine helle Farbe und seinen Ballaststoffgehalt aus, entsprechend der Handelsbezeichnung: - Weichweizenmehl Typ 1 - mit einem W-Faktor von ca. 130.<\/p>\n<p>Es ist ideal f\u00fcr die Zubereitung aller Backwaren mit kurzen und mittleren G\u00e4rzeiten. Aufgrund seiner rheologischen Eigenschaften eignet er sich hervorragend f\u00fcr die Zubereitung von Focaccia, Pizza, hausgemachtem Brot, Kuchen und Trockenteigwaren, gemischt mit Hartweizengrie\u00df.<\/p>","protected":false},"featured_media":4387,"template":"","meta":[],"product_brand":[],"product_cat":[24],"product_tag":[],"class_list":{"0":"post-1571","1":"product","2":"type-product","3":"status-publish","4":"has-post-thumbnail","6":"product_cat-senza-categoria","8":"first","9":"instock","10":"shipping-taxable","11":"purchasable","12":"product-type-simple"},"_links":{"self":[{"href":"https:\/\/tenutadicaiolo.it\/de\/wp-json\/wp\/v2\/product\/1571","targetHints":{"allow":["GET"]}}],"collection":[{"href":"https:\/\/tenutadicaiolo.it\/de\/wp-json\/wp\/v2\/product"}],"about":[{"href":"https:\/\/tenutadicaiolo.it\/de\/wp-json\/wp\/v2\/types\/product"}],"wp:featuredmedia":[{"embeddable":true,"href":"https:\/\/tenutadicaiolo.it\/de\/wp-json\/wp\/v2\/media\/4387"}],"wp:attachment":[{"href":"https:\/\/tenutadicaiolo.it\/de\/wp-json\/wp\/v2\/media?parent=1571"}],"wp:term":[{"taxonomy":"product_brand","embeddable":true,"href":"https:\/\/tenutadicaiolo.it\/de\/wp-json\/wp\/v2\/product_brand?post=1571"},{"taxonomy":"product_cat","embeddable":true,"href":"https:\/\/tenutadicaiolo.it\/de\/wp-json\/wp\/v2\/product_cat?post=1571"},{"taxonomy":"product_tag","embeddable":true,"href":"https:\/\/tenutadicaiolo.it\/de\/wp-json\/wp\/v2\/product_tag?post=1571"}],"curies":[{"name":"wp","href":"https:\/\/api.w.org\/{rel}","templated":true}]}}