{"id":1576,"date":"2022-12-12T11:01:30","date_gmt":"2022-12-12T11:01:30","guid":{"rendered":"https:\/\/tenutadicaiolo.it\/?post_type=product&#038;p=1576"},"modified":"2024-12-09T10:20:54","modified_gmt":"2024-12-09T10:20:54","slug":"vino-rosso-divina-villa","status":"publish","type":"product","link":"https:\/\/tenutadicaiolo.it\/de\/produkt\/vino-rosso-divina-villa\/","title":{"rendered":"Divina Villa Rotwein"},"content":{"rendered":"<p>TRAUBENSORTEN: 100% Trasimeno Gamay.<\/p>\n<p>VIGNETO: dei produttori associati ubicati sulle colline di Castiglione del Lago, Paciano e Panicale.<\/p>\n<p>PRODUKTION PRO HEKTAR: Trauben: 5500\/6000 kg\/ha. Wein: 35\/40 hl\/ha.<\/p>\n<p>WEINBEREITUNG: Die entrappten und gequetschten Trauben werden vergoren. Der Kontakt zwischen Schalen und Most dauert etwa 7-10 Tage. Der Abstich erfolgt in Bottichen in temperierten R\u00e4umen, um die malolaktische G\u00e4rung zu f\u00f6rdern. Alkoholische G\u00e4rung: bei einer Temperatur von nicht mehr als 25\u00b0C, um die typischen Eigenschaften der Rebsorte zu erhalten.<\/p>\n<p>ABF\u00dcLLEN: ab Juli nach der Ernte.<\/p>\n<p>REIFUNG: 4\/5 Monate in der Flasche.<\/p>\n<p>DURCHSCHNITTLICHE J\u00c4HRLICHE PRODUKTION: etwa 40 Tausend Flaschen.<\/p>\n<p><em>Versandkosten nicht inbegriffen<\/em><\/p>","protected":false},"excerpt":{"rendered":"<p>ORGANOLEPTISCHE EIGENSCHAFTEN: Farbe: Rubinrot mit intensiven violetten Reflexen, klar. Bouquet: intensiv und sortentypisch, frisch und komplex mit Noten von frischen Fr\u00fcchten aus dem Unterholz und feinen Gew\u00fcrznoten. Geschmack: trocken, voll und elegant, mit Noten von roten Fr\u00fcchten und s\u00fc\u00dfen Gew\u00fcrzen im Abgang.<\/p>\n<p>EMPFEHLUNGEN DES PRODUZENTEN: Passt hervorragend zu herzhaftem wei\u00dfem Fleisch und kleinem Feder- und Pelzwild. Servierempfehlung: bei einer Temperatur von 16\u00b0 C in einem jungen Rotweinglas servieren.<\/p>","protected":false},"featured_media":4385,"template":"","meta":[],"product_brand":[],"product_cat":[24],"product_tag":[],"class_list":{"0":"post-1576","1":"product","2":"type-product","3":"status-publish","4":"has-post-thumbnail","6":"product_cat-senza-categoria","8":"first","9":"instock","10":"shipping-taxable","11":"purchasable","12":"product-type-simple"},"_links":{"self":[{"href":"https:\/\/tenutadicaiolo.it\/de\/wp-json\/wp\/v2\/product\/1576","targetHints":{"allow":["GET"]}}],"collection":[{"href":"https:\/\/tenutadicaiolo.it\/de\/wp-json\/wp\/v2\/product"}],"about":[{"href":"https:\/\/tenutadicaiolo.it\/de\/wp-json\/wp\/v2\/types\/product"}],"wp:featuredmedia":[{"embeddable":true,"href":"https:\/\/tenutadicaiolo.it\/de\/wp-json\/wp\/v2\/media\/4385"}],"wp:attachment":[{"href":"https:\/\/tenutadicaiolo.it\/de\/wp-json\/wp\/v2\/media?parent=1576"}],"wp:term":[{"taxonomy":"product_brand","embeddable":true,"href":"https:\/\/tenutadicaiolo.it\/de\/wp-json\/wp\/v2\/product_brand?post=1576"},{"taxonomy":"product_cat","embeddable":true,"href":"https:\/\/tenutadicaiolo.it\/de\/wp-json\/wp\/v2\/product_cat?post=1576"},{"taxonomy":"product_tag","embeddable":true,"href":"https:\/\/tenutadicaiolo.it\/de\/wp-json\/wp\/v2\/product_tag?post=1576"}],"curies":[{"name":"wp","href":"https:\/\/api.w.org\/{rel}","templated":true}]}}