{"id":1578,"date":"2022-12-12T11:03:49","date_gmt":"2022-12-12T11:03:49","guid":{"rendered":"https:\/\/tenutadicaiolo.it\/?post_type=product&#038;p=1578"},"modified":"2024-12-09T10:22:24","modified_gmt":"2024-12-09T10:22:24","slug":"vino-rosso-baccio-del-rosso","status":"publish","type":"product","link":"https:\/\/tenutadicaiolo.it\/de\/produkt\/vino-rosso-baccio-del-rosso\/","title":{"rendered":"Baccio del Rosso Wein"},"content":{"rendered":"<p>TRAUBENSORTEN: 70% Sangiovese, 30% Trasimeno Gamay.<\/p>\n<p>WEINBEREICH: von assoziierten Erzeugern in den besten Anbaugebieten der Colli del Trasimeno D.O.C. und haupts\u00e4chlich auf den H\u00fcgeln von Petrignano del Lago, Agello und Vaiano.<br \/>\nPRODUKTION PRO HEKTAR: Trauben: 6000\/5000 kg\/ha.Wein: 35\/40 hl\/ha.<\/p>\n<p>ABF\u00dcLLEN: ab Juli nach der Ernte.<\/p>\n<p>REIFUNG: 4\/5 Monate in der Flasche.<\/p>\n<p>DURCHSCHNITTLICHE J\u00c4HRLICHE PRODUKTION: etwa 100 Tausend Flaschen.<\/p>\n<p><em>Versandkosten nicht inbegriffen<\/em><\/p>","protected":false},"excerpt":{"rendered":"<p>Farbe: Rubinrot mit warmen violetten Reflexen, klar. Geruch: intensiv und harmonisch, reich an Noten von roten und frischen Fr\u00fcchten, zarte pflanzliche Noten und s\u00fc\u00dfe Gew\u00fcrze im Abgang. Geschmack: trocken, voll und elegant mit komplexen Noten von roten Fr\u00fcchten, harmonisch und zu Recht tanninhaltig.<\/p>\n<p>EMPFEHLUNGEN DES HERSTELLERS: Passt hervorragend zu Vorspeisen aus Wurstwaren, schmackhaften ersten G\u00e4ngen, Braten und gegrilltem roten Fleisch. Servierempfehlung: bei einer Temperatur von 16\u00b0C in einem jungen Rotweinglas servieren.<\/p>","protected":false},"featured_media":4381,"template":"","meta":[],"product_brand":[],"product_cat":[24],"product_tag":[],"class_list":{"0":"post-1578","1":"product","2":"type-product","3":"status-publish","4":"has-post-thumbnail","6":"product_cat-senza-categoria","8":"first","9":"instock","10":"shipping-taxable","11":"purchasable","12":"product-type-simple"},"_links":{"self":[{"href":"https:\/\/tenutadicaiolo.it\/de\/wp-json\/wp\/v2\/product\/1578","targetHints":{"allow":["GET"]}}],"collection":[{"href":"https:\/\/tenutadicaiolo.it\/de\/wp-json\/wp\/v2\/product"}],"about":[{"href":"https:\/\/tenutadicaiolo.it\/de\/wp-json\/wp\/v2\/types\/product"}],"wp:featuredmedia":[{"embeddable":true,"href":"https:\/\/tenutadicaiolo.it\/de\/wp-json\/wp\/v2\/media\/4381"}],"wp:attachment":[{"href":"https:\/\/tenutadicaiolo.it\/de\/wp-json\/wp\/v2\/media?parent=1578"}],"wp:term":[{"taxonomy":"product_brand","embeddable":true,"href":"https:\/\/tenutadicaiolo.it\/de\/wp-json\/wp\/v2\/product_brand?post=1578"},{"taxonomy":"product_cat","embeddable":true,"href":"https:\/\/tenutadicaiolo.it\/de\/wp-json\/wp\/v2\/product_cat?post=1578"},{"taxonomy":"product_tag","embeddable":true,"href":"https:\/\/tenutadicaiolo.it\/de\/wp-json\/wp\/v2\/product_tag?post=1578"}],"curies":[{"name":"wp","href":"https:\/\/api.w.org\/{rel}","templated":true}]}}