{"id":1584,"date":"2022-12-12T11:13:07","date_gmt":"2022-12-12T11:13:07","guid":{"rendered":"https:\/\/tenutadicaiolo.it\/?post_type=product&#038;p=1584"},"modified":"2024-12-09T09:08:41","modified_gmt":"2024-12-09T09:08:41","slug":"vino-bianco-ascanio","status":"publish","type":"product","link":"https:\/\/tenutadicaiolo.it\/de\/produkt\/vino-bianco-ascanio\/","title":{"rendered":"Ascanio Wei\u00dfwein"},"content":{"rendered":"<p>TRAUBENSORTEN: 100% Grechetto dell'Umbria DOC<\/p>\n<p>VINEYARD: der angeschlossenen Erzeuger in ausgew\u00e4hlten Gebieten des Trasimeno-Beckens.<\/p>\n<p>PRODUKTION PRO HEKTAR: Trauben: 8000 Doppelzentner\/ha. Wein: 55 hl\/ha.<\/p>\n<p>ABF\u00dcLLEN: ab M\u00e4rz nach der Ernte.<\/p>\n<p>REIFUNG: 2 Monate in der Flasche.<\/p>\n<p>DURCHSCHNITTLICHE J\u00c4HRLICHE PRODUKTION: etwa 40 Tausend Flaschen.<\/p>\n<p><em>Versandkosten nicht inbegriffen<\/em><\/p>","protected":false},"excerpt":{"rendered":"<p>ORGANOLEPTISCHE EIGENSCHAFTEN: Farbe: helles Strohgelb. Bouquet: sauber mit Ankl\u00e4ngen an wei\u00dfe Blumen und Apfelduft. Geschmack: Trocken, mit angenehmen Noten von wei\u00dfen Fr\u00fcchten, die in eine entscheidende Frische \u00fcbergehen.<\/p>\n<p>EMPFEHLUNGEN DES HERSTELLERS: Passt zu: Vorspeisen, leichten ersten G\u00e4ngen, Fisch und wei\u00dfem Fleisch, ausgezeichnet als Aperitif. Servierempfehlung: bei einer Temperatur von 12\u00b0C in einem jungen wei\u00dfen Glas servieren.<\/p>","protected":false},"featured_media":4379,"template":"","meta":[],"product_brand":[],"product_cat":[24],"product_tag":[],"class_list":{"0":"post-1584","1":"product","2":"type-product","3":"status-publish","4":"has-post-thumbnail","6":"product_cat-senza-categoria","8":"first","9":"instock","10":"shipping-taxable","11":"purchasable","12":"product-type-simple"},"_links":{"self":[{"href":"https:\/\/tenutadicaiolo.it\/de\/wp-json\/wp\/v2\/product\/1584","targetHints":{"allow":["GET"]}}],"collection":[{"href":"https:\/\/tenutadicaiolo.it\/de\/wp-json\/wp\/v2\/product"}],"about":[{"href":"https:\/\/tenutadicaiolo.it\/de\/wp-json\/wp\/v2\/types\/product"}],"wp:featuredmedia":[{"embeddable":true,"href":"https:\/\/tenutadicaiolo.it\/de\/wp-json\/wp\/v2\/media\/4379"}],"wp:attachment":[{"href":"https:\/\/tenutadicaiolo.it\/de\/wp-json\/wp\/v2\/media?parent=1584"}],"wp:term":[{"taxonomy":"product_brand","embeddable":true,"href":"https:\/\/tenutadicaiolo.it\/de\/wp-json\/wp\/v2\/product_brand?post=1584"},{"taxonomy":"product_cat","embeddable":true,"href":"https:\/\/tenutadicaiolo.it\/de\/wp-json\/wp\/v2\/product_cat?post=1584"},{"taxonomy":"product_tag","embeddable":true,"href":"https:\/\/tenutadicaiolo.it\/de\/wp-json\/wp\/v2\/product_tag?post=1584"}],"curies":[{"name":"wp","href":"https:\/\/api.w.org\/{rel}","templated":true}]}}