{"id":1590,"date":"2022-12-12T11:18:56","date_gmt":"2022-12-12T11:18:56","guid":{"rendered":"https:\/\/tenutadicaiolo.it\/?post_type=product&#038;p=1590"},"modified":"2024-12-09T10:26:36","modified_gmt":"2024-12-09T10:26:36","slug":"vino-bianco-tuffetto","status":"publish","type":"product","link":"https:\/\/tenutadicaiolo.it\/de\/produkt\/vino-bianco-tuffetto\/","title":{"rendered":"Tuffetto Wei\u00dfwein"},"content":{"rendered":"<p>TRAUBENSORTEN: 60% Grechetto und 40% Trebbiano Toscano<\/p>\n<p>VINEYARD: der angeschlossenen Erzeuger in ausgew\u00e4hlten Gebieten des Trasimeno-Beckens.<\/p>\n<p>SECHSTE PFLANZUNG: mindestens 3.500 Rebst\u00f6cke\/ha.<\/p>\n<p>AUSBILDUNGSFORMATION: Abspannung und Sporenriemen.<\/p>\n<p>BODEN: sandig-lehmig-sediment\u00e4r.<\/p>\n<p>H\u00f6henlage: 300 m. \u00fc. NN.<\/p>\n<p>PRODUKTION PRO HEKTAR: Trauben: 90 q.li\/ha.Wein 55 hl\/ha.<\/p>\n<p>WEINBEREITUNG: Sanfte und sofortige Pressung der ganzen Trauben mit Trennung der Schalen. Dekantieren: statisch bei niedriger Temperatur. Alkoholische G\u00e4rung: bei kontrollierter Temperatur unter 18\u00b0C in Edelstahltanks, um die Aromen zu erhalten. Schaumbildung im Autoklaven f\u00fcr mindestens zwei Monate.<\/p>\n<p><em>Versandkosten nicht inbegriffen<\/em><\/p>","protected":false},"excerpt":{"rendered":"<p>ORGANOLEPTISCHE EIGENSCHAFTEN: Farbe: helles Strohgelb mit zartem Schimmer. Bouquet: intensiv und fein, gepr\u00e4gt von zarten blumigen und frischen Fruchtnoten. Geschmack: frisch, zart und weich mit Noten von wei\u00dfen Fr\u00fcchten.<\/p>\n<p>PASSEND: Vorspeisen, wei\u00dfes Fleisch und Fisch. Ausgezeichneter Aperitif.<\/p>","protected":false},"featured_media":4394,"template":"","meta":[],"product_brand":[],"product_cat":[24],"product_tag":[],"class_list":{"0":"post-1590","1":"product","2":"type-product","3":"status-publish","4":"has-post-thumbnail","6":"product_cat-senza-categoria","8":"first","9":"instock","10":"shipping-taxable","11":"purchasable","12":"product-type-simple"},"_links":{"self":[{"href":"https:\/\/tenutadicaiolo.it\/de\/wp-json\/wp\/v2\/product\/1590","targetHints":{"allow":["GET"]}}],"collection":[{"href":"https:\/\/tenutadicaiolo.it\/de\/wp-json\/wp\/v2\/product"}],"about":[{"href":"https:\/\/tenutadicaiolo.it\/de\/wp-json\/wp\/v2\/types\/product"}],"wp:featuredmedia":[{"embeddable":true,"href":"https:\/\/tenutadicaiolo.it\/de\/wp-json\/wp\/v2\/media\/4394"}],"wp:attachment":[{"href":"https:\/\/tenutadicaiolo.it\/de\/wp-json\/wp\/v2\/media?parent=1590"}],"wp:term":[{"taxonomy":"product_brand","embeddable":true,"href":"https:\/\/tenutadicaiolo.it\/de\/wp-json\/wp\/v2\/product_brand?post=1590"},{"taxonomy":"product_cat","embeddable":true,"href":"https:\/\/tenutadicaiolo.it\/de\/wp-json\/wp\/v2\/product_cat?post=1590"},{"taxonomy":"product_tag","embeddable":true,"href":"https:\/\/tenutadicaiolo.it\/de\/wp-json\/wp\/v2\/product_tag?post=1590"}],"curies":[{"name":"wp","href":"https:\/\/api.w.org\/{rel}","templated":true}]}}