{"id":1612,"date":"2022-12-12T11:54:58","date_gmt":"2022-12-12T11:54:58","guid":{"rendered":"https:\/\/tenutadicaiolo.it\/?post_type=product&#038;p=1612"},"modified":"2024-12-09T09:24:49","modified_gmt":"2024-12-09T09:24:49","slug":"1612","status":"publish","type":"product","link":"https:\/\/tenutadicaiolo.it\/de\/produkt\/1612\/","title":{"rendered":"Corniolo Rotwein"},"content":{"rendered":"<p>TRAUBENSORTEN: 70% Sangiovese, 20% Trasimeno Gamay, 10% Cabernet Sauvignon.<\/p>\n<p>WEINBEREICH: von assoziierten Erzeugern auf den H\u00fcgeln von Castiglione del Lago, Petrignano del Lago und Vaiano.<\/p>\n<p>PRODUKTION PRO HEKTAR: Trauben: 4000\/4500 Doppelzentner\/ha. Wein: 23\/30 hl\/ha.<\/p>\n<p>REIFUNG: Etwa 12 Monate in Barriques aus franz\u00f6sischer Eiche in den historischen Kellern des Palazzo des Herzogs della Corgna aus dem 16. Jahrhundert in Citt\u00e0 della Pieve.<\/p>\n<p>ABF\u00dcLLEN: ab Februar der beiden Jahre nach der Ernte.<\/p>\n<p>REIFUNG: 7 Monate in der Flasche.<\/p>\n<p>DURCHSCHNITTLICHE J\u00c4HRLICHE PRODUKTION: etwa 20 Tausend Flaschen.<\/p>\n<p>&nbsp;<\/p>\n<p><em>Versandkosten nicht inbegriffen<\/em><\/p>","protected":false},"excerpt":{"rendered":"<p>ORGANOLEPTISCHE EIGENSCHAFTEN: Farbe: Rubinrot, intensiv mit warmen violetten Noten, klar. Geruch: breit und fein, reich an Noten von roten Fr\u00fcchten und feinen Gew\u00fcrzen. Geschmack: trocken, voll und elegant mit komplexen Fruchtnoten und Ankl\u00e4ngen von s\u00fc\u00dfen Gew\u00fcrzen.<\/p>\n<p>PRODUKTIONSEMPFEHLUNGEN: Passt zu: ideal zu gegrilltem rotem Fleisch, Braten und Schmorbraten. Servierempfehlung: bei einer Temperatur von 18\u00b0C in einem gro\u00dfen roten Glas servieren<\/p>","protected":false},"featured_media":4383,"template":"","meta":[],"product_brand":[],"product_cat":[24],"product_tag":[],"class_list":{"0":"post-1612","1":"product","2":"type-product","3":"status-publish","4":"has-post-thumbnail","6":"product_cat-senza-categoria","8":"first","9":"instock","10":"shipping-taxable","11":"purchasable","12":"product-type-simple"},"_links":{"self":[{"href":"https:\/\/tenutadicaiolo.it\/de\/wp-json\/wp\/v2\/product\/1612","targetHints":{"allow":["GET"]}}],"collection":[{"href":"https:\/\/tenutadicaiolo.it\/de\/wp-json\/wp\/v2\/product"}],"about":[{"href":"https:\/\/tenutadicaiolo.it\/de\/wp-json\/wp\/v2\/types\/product"}],"wp:featuredmedia":[{"embeddable":true,"href":"https:\/\/tenutadicaiolo.it\/de\/wp-json\/wp\/v2\/media\/4383"}],"wp:attachment":[{"href":"https:\/\/tenutadicaiolo.it\/de\/wp-json\/wp\/v2\/media?parent=1612"}],"wp:term":[{"taxonomy":"product_brand","embeddable":true,"href":"https:\/\/tenutadicaiolo.it\/de\/wp-json\/wp\/v2\/product_brand?post=1612"},{"taxonomy":"product_cat","embeddable":true,"href":"https:\/\/tenutadicaiolo.it\/de\/wp-json\/wp\/v2\/product_cat?post=1612"},{"taxonomy":"product_tag","embeddable":true,"href":"https:\/\/tenutadicaiolo.it\/de\/wp-json\/wp\/v2\/product_tag?post=1612"}],"curies":[{"name":"wp","href":"https:\/\/api.w.org\/{rel}","templated":true}]}}